{"id":668,"date":"2025-06-03T08:55:30","date_gmt":"2025-06-03T07:55:30","guid":{"rendered":"https:\/\/www.deltaseedsholland.nl\/zwiebelsorten-von-delta-seeds-holland\/"},"modified":"2025-06-25T08:59:50","modified_gmt":"2025-06-25T07:59:50","slug":"zwiebelsorten-von-delta-seeds-holland","status":"publish","type":"page","link":"https:\/\/deltaseedsholland.nl\/de\/","title":{"rendered":"Wilkommen"},"content":{"rendered":"<h1 data-start=\"48\" data-end=\"135\"><strong data-start=\"48\" data-end=\"135\">Willkommen bei Delta Seeds Holland \u2013 Der Spezialist f\u00fcr hochwertiges Zwiebelsaatgut<\/strong><\/h1>\n<p data-start=\"137\" data-end=\"421\">Bei Delta Seeds Holland verbinden wir jahrzehntelange Erfahrung mit Leidenschaft, um Ihnen die besten Zwiebelsorten anzubieten. Mit unseren sorgf\u00e4ltig ausgew\u00e4hlten Sorten, wie der robusten Delta Gigant, helfen wir Landwirten, hohe Ertr\u00e4ge, Qualit\u00e4t und optimales Wachstum zu erzielen.<\/p>\n<p data-start=\"423\" data-end=\"659\">Entdecken Sie die Eigenschaften von Delta Gigant, erfahren Sie mehr \u00fcber unsere einzigartigen Auswahlverfahren und erleben Sie den Unterschied, den hochwertiges Saatgut machen kann. Gemeinsam wachsen wir auf eine erfolgreiche Ernte hin!<\/p>\n<div class=\"woocommerce \"><ul class=\"products columns-2\">\n<li class=\"product type-product post-1013 status-publish first instock product_cat-zwiebelsamen has-post-thumbnail taxable shipping-taxable purchasable product-type-simple\">\n\t<a href=\"https:\/\/deltaseedsholland.nl\/de\/produkt\/delta-gigant\/\" class=\"woocommerce-LoopProduct-link woocommerce-loop-product__link\"><img loading=\"lazy\" decoding=\"async\" width=\"300\" height=\"300\" src=\"https:\/\/deltaseedsholland.nl\/wp-content\/uploads\/2025\/06\/DeltaGigant-300x300.jpg\" class=\"attachment-woocommerce_thumbnail size-woocommerce_thumbnail\" alt=\"Delta Gigant\" srcset=\"https:\/\/deltaseedsholland.nl\/wp-content\/uploads\/2025\/06\/DeltaGigant-300x300.jpg 300w, https:\/\/deltaseedsholland.nl\/wp-content\/uploads\/2025\/06\/DeltaGigant-100x100.jpg 100w, https:\/\/deltaseedsholland.nl\/wp-content\/uploads\/2025\/06\/DeltaGigant-150x150.jpg 150w, https:\/\/deltaseedsholland.nl\/wp-content\/uploads\/2025\/06\/DeltaGigant-80x80.jpg 80w\" sizes=\"auto, (max-width: 300px) 100vw, 300px\" \/><h2 class=\"woocommerce-loop-product__title\">Delta Gigant<\/h2>\n\t<span class=\"price\"><span class=\"woocommerce-Price-amount amount\"><bdi><span class=\"woocommerce-Price-currencySymbol\">&euro;<\/span>&nbsp;169,00<\/bdi><\/span> (zzgl. MwSt.)<\/span>\n<\/a><a href=\"?add-to-cart=1013\" aria-describedby=\"woocommerce_loop_add_to_cart_link_describedby_1013\" data-quantity=\"1\" class=\"button product_type_simple add_to_cart_button ajax_add_to_cart\" data-product_id=\"1013\" data-product_sku=\"\" aria-label=\"In den Warenkorb legen: \u201eDelta Gigant\u201c\" rel=\"nofollow\" data-success_message=\"\u201eDelta Gigant\u201c wurde deinem Warenkorb hinzugef\u00fcgt\">In den Warenkorb<\/a>\t<span id=\"woocommerce_loop_add_to_cart_link_describedby_1013\" class=\"screen-reader-text\">\n\t\t\t<\/span>\n<\/li>\n<\/ul>\n<\/div>\n","protected":false},"excerpt":{"rendered":"<p>Willkommen bei Delta Seeds Holland \u2013 Der Spezialist f\u00fcr hochwertiges Zwiebelsaatgut Bei Delta Seeds Holland verbinden wir jahrzehntelange Erfahrung mit Leidenschaft, um Ihnen die besten Zwiebelsorten anzubieten. Mit unseren sorgf\u00e4ltig ausgew\u00e4hlten Sorten, wie der robusten Delta Gigant, helfen wir Landwirten, hohe Ertr\u00e4ge, Qualit\u00e4t und optimales Wachstum zu erzielen. Entdecken Sie die Eigenschaften von Delta Gigant, [&hellip;]<\/p>\n","protected":false},"author":1,"featured_media":0,"parent":0,"menu_order":0,"comment_status":"closed","ping_status":"closed","template":"","meta":{"footnotes":""},"class_list":["post-668","page","type-page","status-publish","hentry"],"yoast_head":"<!-- This site is optimized with the Yoast SEO plugin v25.2 - https:\/\/yoast.com\/wordpress\/plugins\/seo\/ -->\n<title>Wilkommen - Delta Seeds Holland<\/title>\n<meta name=\"robots\" content=\"index, follow, max-snippet:-1, max-image-preview:large, max-video-preview:-1\" \/>\n<link rel=\"canonical\" href=\"https:\/\/deltaseedsholland.nl\/de\/\" \/>\n<meta property=\"og:locale\" content=\"de_DE\" \/>\n<meta property=\"og:type\" content=\"article\" \/>\n<meta property=\"og:title\" content=\"Wilkommen - Delta Seeds Holland\" \/>\n<meta property=\"og:description\" content=\"Willkommen bei Delta Seeds Holland \u2013 Der Spezialist f\u00fcr hochwertiges Zwiebelsaatgut Bei Delta Seeds Holland verbinden wir jahrzehntelange Erfahrung mit Leidenschaft, um Ihnen die besten Zwiebelsorten anzubieten. Mit unseren sorgf\u00e4ltig ausgew\u00e4hlten Sorten, wie der robusten Delta Gigant, helfen wir Landwirten, hohe Ertr\u00e4ge, Qualit\u00e4t und optimales Wachstum zu erzielen. Entdecken Sie die Eigenschaften von Delta Gigant, [&hellip;]\" \/>\n<meta property=\"og:url\" content=\"https:\/\/deltaseedsholland.nl\/de\/\" \/>\n<meta property=\"og:site_name\" content=\"Delta Seeds Holland\" \/>\n<meta property=\"article:modified_time\" content=\"2025-06-25T07:59:50+00:00\" \/>\n<meta name=\"twitter:card\" content=\"summary_large_image\" \/>\n<meta name=\"twitter:label1\" content=\"Gesch\u00e4tzte Lesezeit\" \/>\n\t<meta name=\"twitter:data1\" content=\"1\u00a0Minute\" \/>\n<script type=\"application\/ld+json\" class=\"yoast-schema-graph\">{\"@context\":\"https:\/\/schema.org\",\"@graph\":[{\"@type\":\"WebPage\",\"@id\":\"https:\/\/deltaseedsholland.nl\/de\/\",\"url\":\"https:\/\/deltaseedsholland.nl\/de\/\",\"name\":\"Wilkommen - Delta Seeds Holland\",\"isPartOf\":{\"@id\":\"https:\/\/deltaseedsholland.nl\/#website\"},\"datePublished\":\"2025-06-03T07:55:30+00:00\",\"dateModified\":\"2025-06-25T07:59:50+00:00\",\"breadcrumb\":{\"@id\":\"https:\/\/deltaseedsholland.nl\/de\/#breadcrumb\"},\"inLanguage\":\"de\",\"potentialAction\":[{\"@type\":\"ReadAction\",\"target\":[\"https:\/\/deltaseedsholland.nl\/de\/\"]}]},{\"@type\":\"BreadcrumbList\",\"@id\":\"https:\/\/deltaseedsholland.nl\/de\/#breadcrumb\",\"itemListElement\":[{\"@type\":\"ListItem\",\"position\":1,\"name\":\"Home\",\"item\":\"https:\/\/deltaseedsholland.nl\/de\/\"},{\"@type\":\"ListItem\",\"position\":2,\"name\":\"Wilkommen\"}]},{\"@type\":\"WebSite\",\"@id\":\"https:\/\/deltaseedsholland.nl\/#website\",\"url\":\"https:\/\/deltaseedsholland.nl\/\",\"name\":\"Delta Seeds Holland\",\"description\":\"\",\"potentialAction\":[{\"@type\":\"SearchAction\",\"target\":{\"@type\":\"EntryPoint\",\"urlTemplate\":\"https:\/\/deltaseedsholland.nl\/?s={search_term_string}\"},\"query-input\":{\"@type\":\"PropertyValueSpecification\",\"valueRequired\":true,\"valueName\":\"search_term_string\"}}],\"inLanguage\":\"de\"}]}<\/script>\n<!-- \/ Yoast SEO plugin. -->","yoast_head_json":{"title":"Wilkommen - Delta Seeds Holland","robots":{"index":"index","follow":"follow","max-snippet":"max-snippet:-1","max-image-preview":"max-image-preview:large","max-video-preview":"max-video-preview:-1"},"canonical":"https:\/\/deltaseedsholland.nl\/de\/","og_locale":"de_DE","og_type":"article","og_title":"Wilkommen - Delta Seeds Holland","og_description":"Willkommen bei Delta Seeds Holland \u2013 Der Spezialist f\u00fcr hochwertiges Zwiebelsaatgut Bei Delta Seeds Holland verbinden wir jahrzehntelange Erfahrung mit Leidenschaft, um Ihnen die besten Zwiebelsorten anzubieten. Mit unseren sorgf\u00e4ltig ausgew\u00e4hlten Sorten, wie der robusten Delta Gigant, helfen wir Landwirten, hohe Ertr\u00e4ge, Qualit\u00e4t und optimales Wachstum zu erzielen. Entdecken Sie die Eigenschaften von Delta Gigant, [&hellip;]","og_url":"https:\/\/deltaseedsholland.nl\/de\/","og_site_name":"Delta Seeds Holland","article_modified_time":"2025-06-25T07:59:50+00:00","twitter_card":"summary_large_image","twitter_misc":{"Gesch\u00e4tzte Lesezeit":"1\u00a0Minute"},"schema":{"@context":"https:\/\/schema.org","@graph":[{"@type":"WebPage","@id":"https:\/\/deltaseedsholland.nl\/de\/","url":"https:\/\/deltaseedsholland.nl\/de\/","name":"Wilkommen - Delta Seeds Holland","isPartOf":{"@id":"https:\/\/deltaseedsholland.nl\/#website"},"datePublished":"2025-06-03T07:55:30+00:00","dateModified":"2025-06-25T07:59:50+00:00","breadcrumb":{"@id":"https:\/\/deltaseedsholland.nl\/de\/#breadcrumb"},"inLanguage":"de","potentialAction":[{"@type":"ReadAction","target":["https:\/\/deltaseedsholland.nl\/de\/"]}]},{"@type":"BreadcrumbList","@id":"https:\/\/deltaseedsholland.nl\/de\/#breadcrumb","itemListElement":[{"@type":"ListItem","position":1,"name":"Home","item":"https:\/\/deltaseedsholland.nl\/de\/"},{"@type":"ListItem","position":2,"name":"Wilkommen"}]},{"@type":"WebSite","@id":"https:\/\/deltaseedsholland.nl\/#website","url":"https:\/\/deltaseedsholland.nl\/","name":"Delta Seeds Holland","description":"","potentialAction":[{"@type":"SearchAction","target":{"@type":"EntryPoint","urlTemplate":"https:\/\/deltaseedsholland.nl\/?s={search_term_string}"},"query-input":{"@type":"PropertyValueSpecification","valueRequired":true,"valueName":"search_term_string"}}],"inLanguage":"de"}]}},"_links":{"self":[{"href":"https:\/\/deltaseedsholland.nl\/de\/wp-json\/wp\/v2\/pages\/668","targetHints":{"allow":["GET"]}}],"collection":[{"href":"https:\/\/deltaseedsholland.nl\/de\/wp-json\/wp\/v2\/pages"}],"about":[{"href":"https:\/\/deltaseedsholland.nl\/de\/wp-json\/wp\/v2\/types\/page"}],"author":[{"embeddable":true,"href":"https:\/\/deltaseedsholland.nl\/de\/wp-json\/wp\/v2\/users\/1"}],"replies":[{"embeddable":true,"href":"https:\/\/deltaseedsholland.nl\/de\/wp-json\/wp\/v2\/comments?post=668"}],"version-history":[{"count":3,"href":"https:\/\/deltaseedsholland.nl\/de\/wp-json\/wp\/v2\/pages\/668\/revisions"}],"predecessor-version":[{"id":999,"href":"https:\/\/deltaseedsholland.nl\/de\/wp-json\/wp\/v2\/pages\/668\/revisions\/999"}],"wp:attachment":[{"href":"https:\/\/deltaseedsholland.nl\/de\/wp-json\/wp\/v2\/media?parent=668"}],"curies":[{"name":"wp","href":"https:\/\/api.w.org\/{rel}","templated":true}]}}