{"id":707,"date":"2025-06-03T19:31:36","date_gmt":"2025-06-03T18:31:36","guid":{"rendered":"https:\/\/www.deltaseedsholland.nl\/ueber-uns\/"},"modified":"2025-06-03T19:31:36","modified_gmt":"2025-06-03T18:31:36","slug":"ueber-uns","status":"publish","type":"page","link":"https:\/\/deltaseedsholland.nl\/de\/ueber-uns\/","title":{"rendered":"\u00dcber uns"},"content":{"rendered":"<h2 data-start=\"152\" data-end=\"163\">\u00dcber uns<\/h2>\n<h3 data-start=\"165\" data-end=\"188\">Wie alles begann&#8230;<\/h3>\n<p data-start=\"190\" data-end=\"496\">Die Geschichte von <strong data-start=\"209\" data-end=\"232\">Delta Seeds Holland<\/strong> reicht bis ins Jahr <strong data-start=\"253\" data-end=\"261\">1936<\/strong> zur\u00fcck. Damals begann <strong data-start=\"284\" data-end=\"302\">Herr A. Wabeke<\/strong> mit der Z\u00fcchtung von Zwiebeln. Nach und nach wurde Zwiebelsaatgut an H\u00e4ndler und Landwirte verkauft. Im Laufe der Jahre wurden ausgew\u00e4hlte Z\u00fcchtungen zur Aufnahme in die Sortenliste angemeldet.<\/p>\n<p data-start=\"498\" data-end=\"780\">Im Jahr <strong data-start=\"506\" data-end=\"514\">2003<\/strong> haben wir das Unternehmen \u00fcbernommen und ihm den neuen Namen <strong data-start=\"576\" data-end=\"601\">\u201eDelta Seeds Holland\u201c<\/strong> gegeben.<br data-start=\"610\" data-end=\"613\" \/>Durch eine sehr strenge Selektion innerhalb der bestehenden Zwiebelsorte haben wir die neue Sorte <strong data-start=\"711\" data-end=\"729\">\u201eDelta Gigant\u201c<\/strong>entwickelt und erfolgreich auf den Markt gebracht.<\/p>\n<p data-start=\"782\" data-end=\"915\"><strong data-start=\"782\" data-end=\"798\">Delta Gigant<\/strong> ist inzwischen seit mehreren Jahren mit sehr guten Ergebnissen in der <strong data-start=\"869\" data-end=\"904\">Sortenliste des Uireka-Projekts<\/strong>vertreten.<\/p>\n","protected":false},"excerpt":{"rendered":"<p>\u00dcber uns Wie alles begann&#8230; Die Geschichte von Delta Seeds Holland reicht bis ins Jahr 1936 zur\u00fcck. Damals begann Herr A. Wabeke mit der Z\u00fcchtung von Zwiebeln. Nach und nach wurde Zwiebelsaatgut an H\u00e4ndler und Landwirte verkauft. Im Laufe der Jahre wurden ausgew\u00e4hlte Z\u00fcchtungen zur Aufnahme in die Sortenliste angemeldet. Im Jahr 2003 haben wir [&hellip;]<\/p>\n","protected":false},"author":1,"featured_media":0,"parent":0,"menu_order":0,"comment_status":"closed","ping_status":"closed","template":"","meta":{"footnotes":""},"class_list":["post-707","page","type-page","status-publish","hentry"],"yoast_head":"<!-- This site is optimized with the Yoast SEO plugin v25.2 - https:\/\/yoast.com\/wordpress\/plugins\/seo\/ -->\n<title>\u00dcber uns - Delta Seeds Holland<\/title>\n<meta name=\"robots\" content=\"index, follow, max-snippet:-1, max-image-preview:large, max-video-preview:-1\" \/>\n<link rel=\"canonical\" href=\"https:\/\/deltaseedsholland.nl\/de\/ueber-uns\/\" \/>\n<meta property=\"og:locale\" content=\"de_DE\" \/>\n<meta property=\"og:type\" content=\"article\" \/>\n<meta property=\"og:title\" content=\"\u00dcber uns - Delta Seeds Holland\" \/>\n<meta property=\"og:description\" content=\"\u00dcber uns Wie alles begann&#8230; Die Geschichte von Delta Seeds Holland reicht bis ins Jahr 1936 zur\u00fcck. Damals begann Herr A. Wabeke mit der Z\u00fcchtung von Zwiebeln. Nach und nach wurde Zwiebelsaatgut an H\u00e4ndler und Landwirte verkauft. Im Laufe der Jahre wurden ausgew\u00e4hlte Z\u00fcchtungen zur Aufnahme in die Sortenliste angemeldet. Im Jahr 2003 haben wir [&hellip;]\" \/>\n<meta property=\"og:url\" content=\"https:\/\/deltaseedsholland.nl\/de\/ueber-uns\/\" \/>\n<meta property=\"og:site_name\" content=\"Delta Seeds Holland\" \/>\n<meta name=\"twitter:card\" content=\"summary_large_image\" \/>\n<meta name=\"twitter:label1\" content=\"Gesch\u00e4tzte Lesezeit\" \/>\n\t<meta name=\"twitter:data1\" content=\"1\u00a0Minute\" \/>\n<script type=\"application\/ld+json\" class=\"yoast-schema-graph\">{\"@context\":\"https:\/\/schema.org\",\"@graph\":[{\"@type\":\"WebPage\",\"@id\":\"https:\/\/deltaseedsholland.nl\/de\/ueber-uns\/\",\"url\":\"https:\/\/deltaseedsholland.nl\/de\/ueber-uns\/\",\"name\":\"\u00dcber uns - Delta Seeds Holland\",\"isPartOf\":{\"@id\":\"https:\/\/deltaseedsholland.nl\/#website\"},\"datePublished\":\"2025-06-03T18:31:36+00:00\",\"breadcrumb\":{\"@id\":\"https:\/\/deltaseedsholland.nl\/de\/ueber-uns\/#breadcrumb\"},\"inLanguage\":\"de\",\"potentialAction\":[{\"@type\":\"ReadAction\",\"target\":[\"https:\/\/deltaseedsholland.nl\/de\/ueber-uns\/\"]}]},{\"@type\":\"BreadcrumbList\",\"@id\":\"https:\/\/deltaseedsholland.nl\/de\/ueber-uns\/#breadcrumb\",\"itemListElement\":[{\"@type\":\"ListItem\",\"position\":1,\"name\":\"Home\",\"item\":\"https:\/\/deltaseedsholland.nl\/de\/\"},{\"@type\":\"ListItem\",\"position\":2,\"name\":\"\u00dcber uns\"}]},{\"@type\":\"WebSite\",\"@id\":\"https:\/\/deltaseedsholland.nl\/#website\",\"url\":\"https:\/\/deltaseedsholland.nl\/\",\"name\":\"Delta Seeds Holland\",\"description\":\"\",\"potentialAction\":[{\"@type\":\"SearchAction\",\"target\":{\"@type\":\"EntryPoint\",\"urlTemplate\":\"https:\/\/deltaseedsholland.nl\/?s={search_term_string}\"},\"query-input\":{\"@type\":\"PropertyValueSpecification\",\"valueRequired\":true,\"valueName\":\"search_term_string\"}}],\"inLanguage\":\"de\"}]}<\/script>\n<!-- \/ Yoast SEO plugin. -->","yoast_head_json":{"title":"\u00dcber uns - Delta Seeds Holland","robots":{"index":"index","follow":"follow","max-snippet":"max-snippet:-1","max-image-preview":"max-image-preview:large","max-video-preview":"max-video-preview:-1"},"canonical":"https:\/\/deltaseedsholland.nl\/de\/ueber-uns\/","og_locale":"de_DE","og_type":"article","og_title":"\u00dcber uns - Delta Seeds Holland","og_description":"\u00dcber uns Wie alles begann&#8230; Die Geschichte von Delta Seeds Holland reicht bis ins Jahr 1936 zur\u00fcck. Damals begann Herr A. Wabeke mit der Z\u00fcchtung von Zwiebeln. Nach und nach wurde Zwiebelsaatgut an H\u00e4ndler und Landwirte verkauft. Im Laufe der Jahre wurden ausgew\u00e4hlte Z\u00fcchtungen zur Aufnahme in die Sortenliste angemeldet. Im Jahr 2003 haben wir [&hellip;]","og_url":"https:\/\/deltaseedsholland.nl\/de\/ueber-uns\/","og_site_name":"Delta Seeds Holland","twitter_card":"summary_large_image","twitter_misc":{"Gesch\u00e4tzte Lesezeit":"1\u00a0Minute"},"schema":{"@context":"https:\/\/schema.org","@graph":[{"@type":"WebPage","@id":"https:\/\/deltaseedsholland.nl\/de\/ueber-uns\/","url":"https:\/\/deltaseedsholland.nl\/de\/ueber-uns\/","name":"\u00dcber uns - Delta Seeds Holland","isPartOf":{"@id":"https:\/\/deltaseedsholland.nl\/#website"},"datePublished":"2025-06-03T18:31:36+00:00","breadcrumb":{"@id":"https:\/\/deltaseedsholland.nl\/de\/ueber-uns\/#breadcrumb"},"inLanguage":"de","potentialAction":[{"@type":"ReadAction","target":["https:\/\/deltaseedsholland.nl\/de\/ueber-uns\/"]}]},{"@type":"BreadcrumbList","@id":"https:\/\/deltaseedsholland.nl\/de\/ueber-uns\/#breadcrumb","itemListElement":[{"@type":"ListItem","position":1,"name":"Home","item":"https:\/\/deltaseedsholland.nl\/de\/"},{"@type":"ListItem","position":2,"name":"\u00dcber uns"}]},{"@type":"WebSite","@id":"https:\/\/deltaseedsholland.nl\/#website","url":"https:\/\/deltaseedsholland.nl\/","name":"Delta Seeds Holland","description":"","potentialAction":[{"@type":"SearchAction","target":{"@type":"EntryPoint","urlTemplate":"https:\/\/deltaseedsholland.nl\/?s={search_term_string}"},"query-input":{"@type":"PropertyValueSpecification","valueRequired":true,"valueName":"search_term_string"}}],"inLanguage":"de"}]}},"_links":{"self":[{"href":"https:\/\/deltaseedsholland.nl\/de\/wp-json\/wp\/v2\/pages\/707","targetHints":{"allow":["GET"]}}],"collection":[{"href":"https:\/\/deltaseedsholland.nl\/de\/wp-json\/wp\/v2\/pages"}],"about":[{"href":"https:\/\/deltaseedsholland.nl\/de\/wp-json\/wp\/v2\/types\/page"}],"author":[{"embeddable":true,"href":"https:\/\/deltaseedsholland.nl\/de\/wp-json\/wp\/v2\/users\/1"}],"replies":[{"embeddable":true,"href":"https:\/\/deltaseedsholland.nl\/de\/wp-json\/wp\/v2\/comments?post=707"}],"version-history":[{"count":0,"href":"https:\/\/deltaseedsholland.nl\/de\/wp-json\/wp\/v2\/pages\/707\/revisions"}],"wp:attachment":[{"href":"https:\/\/deltaseedsholland.nl\/de\/wp-json\/wp\/v2\/media?parent=707"}],"curies":[{"name":"wp","href":"https:\/\/api.w.org\/{rel}","templated":true}]}}