{"id":710,"date":"2025-06-03T19:48:35","date_gmt":"2025-06-03T18:48:35","guid":{"rendered":"https:\/\/www.deltaseedsholland.nl\/sorteneigenschaften\/"},"modified":"2025-06-03T19:48:35","modified_gmt":"2025-06-03T18:48:35","slug":"sorteneigenschaften","status":"publish","type":"page","link":"https:\/\/deltaseedsholland.nl\/de\/sorteneigenschaften\/","title":{"rendered":"Sorteneigenschaften"},"content":{"rendered":"<h2 data-start=\"57\" data-end=\"141\">&#x1f31f; Delta Gigant \u2013 eine au\u00dfergew\u00f6hnliche Zwiebelsorte f\u00fcr professionelle Landwirte<\/h2>\n<p data-start=\"143\" data-end=\"392\">Delta Gigant ist eine niederl\u00e4ndische Zwiebelsorte, die mit Blick auf hohe Ertr\u00e4ge, Zuverl\u00e4ssigkeit und Qualit\u00e4t entwickelt wurde. Dank jahrelanger Selektion und Z\u00fcchtung durch Delta Seeds Holland zeichnet sich diese Sorte in mehreren Bereichen aus.<\/p>\n<h3 data-start=\"394\" data-end=\"442\">&#x2705; Wichtigste Eigenschaften von Delta Gigant:<\/h3>\n<ul data-start=\"443\" data-end=\"1091\">\n<li data-start=\"443\" data-end=\"542\">\n<p data-start=\"445\" data-end=\"542\"><strong data-start=\"445\" data-end=\"461\">Hohe Ertr\u00e4ge<\/strong> \u2013 liefert stabile und reiche Ernten, auch unter ung\u00fcnstigen Wetterbedingungen.<\/p>\n<\/li>\n<li data-start=\"543\" data-end=\"659\">\n<p data-start=\"545\" data-end=\"659\"><strong data-start=\"545\" data-end=\"577\">Gro\u00dfe, einheitliche Zwiebeln<\/strong> \u2013 mit regelm\u00e4\u00dfiger Form und fester Schale, ideal f\u00fcr Sortierung und Verpackung.<\/p>\n<\/li>\n<li data-start=\"660\" data-end=\"808\">\n<p data-start=\"662\" data-end=\"808\"><strong data-start=\"662\" data-end=\"695\">Ausgezeichnete Lagerf\u00e4higkeit<\/strong> \u2013 Delta Gigant beh\u00e4lt seine Qualit\u00e4t nach der Ernte lange bei, was Verluste minimiert und den Gewinn steigert.<\/p>\n<\/li>\n<li data-start=\"809\" data-end=\"934\">\n<p data-start=\"811\" data-end=\"934\"><strong data-start=\"811\" data-end=\"835\">Starkes Wurzelsystem<\/strong> \u2013 sorgt f\u00fcr effiziente N\u00e4hrstoffaufnahme und gute Widerstandskraft gegen Trockenheit und Stress.<\/p>\n<\/li>\n<li data-start=\"935\" data-end=\"1091\">\n<p data-start=\"937\" data-end=\"1091\"><strong data-start=\"937\" data-end=\"969\">Bew\u00e4hrte Leistung bei Uireka<\/strong> \u2013 Delta Gigant ist seit mehreren Jahren mit hervorragenden Ergebnissen auf der Sortenliste des Uireka-Projekts vertreten.<\/p>\n<\/li>\n<\/ul>\n","protected":false},"excerpt":{"rendered":"<p>&#x1f31f; Delta Gigant \u2013 eine au\u00dfergew\u00f6hnliche Zwiebelsorte f\u00fcr professionelle Landwirte Delta Gigant ist eine niederl\u00e4ndische Zwiebelsorte, die mit Blick auf hohe Ertr\u00e4ge, Zuverl\u00e4ssigkeit und Qualit\u00e4t entwickelt wurde. Dank jahrelanger Selektion und Z\u00fcchtung durch Delta Seeds Holland zeichnet sich diese Sorte in mehreren Bereichen aus. &#x2705; Wichtigste Eigenschaften von Delta Gigant: Hohe Ertr\u00e4ge \u2013 liefert stabile [&hellip;]<\/p>\n","protected":false},"author":1,"featured_media":0,"parent":0,"menu_order":0,"comment_status":"closed","ping_status":"closed","template":"","meta":{"footnotes":""},"class_list":["post-710","page","type-page","status-publish","hentry"],"yoast_head":"<!-- This site is optimized with the Yoast SEO plugin v25.2 - https:\/\/yoast.com\/wordpress\/plugins\/seo\/ -->\n<title>Sorteneigenschaften - Delta Seeds Holland<\/title>\n<meta name=\"robots\" content=\"index, follow, max-snippet:-1, max-image-preview:large, max-video-preview:-1\" \/>\n<link rel=\"canonical\" href=\"https:\/\/deltaseedsholland.nl\/de\/sorteneigenschaften\/\" \/>\n<meta property=\"og:locale\" content=\"de_DE\" \/>\n<meta property=\"og:type\" content=\"article\" \/>\n<meta property=\"og:title\" content=\"Sorteneigenschaften - Delta Seeds Holland\" \/>\n<meta property=\"og:description\" content=\"&#x1f31f; Delta Gigant \u2013 eine au\u00dfergew\u00f6hnliche Zwiebelsorte f\u00fcr professionelle Landwirte Delta Gigant ist eine niederl\u00e4ndische Zwiebelsorte, die mit Blick auf hohe Ertr\u00e4ge, Zuverl\u00e4ssigkeit und Qualit\u00e4t entwickelt wurde. Dank jahrelanger Selektion und Z\u00fcchtung durch Delta Seeds Holland zeichnet sich diese Sorte in mehreren Bereichen aus. &#x2705; Wichtigste Eigenschaften von Delta Gigant: Hohe Ertr\u00e4ge \u2013 liefert stabile [&hellip;]\" \/>\n<meta property=\"og:url\" content=\"https:\/\/deltaseedsholland.nl\/de\/sorteneigenschaften\/\" \/>\n<meta property=\"og:site_name\" content=\"Delta Seeds Holland\" \/>\n<meta name=\"twitter:card\" content=\"summary_large_image\" \/>\n<meta name=\"twitter:label1\" content=\"Gesch\u00e4tzte Lesezeit\" \/>\n\t<meta name=\"twitter:data1\" content=\"1\u00a0Minute\" \/>\n<script type=\"application\/ld+json\" class=\"yoast-schema-graph\">{\"@context\":\"https:\/\/schema.org\",\"@graph\":[{\"@type\":\"WebPage\",\"@id\":\"https:\/\/deltaseedsholland.nl\/de\/sorteneigenschaften\/\",\"url\":\"https:\/\/deltaseedsholland.nl\/de\/sorteneigenschaften\/\",\"name\":\"Sorteneigenschaften - Delta Seeds Holland\",\"isPartOf\":{\"@id\":\"https:\/\/deltaseedsholland.nl\/#website\"},\"datePublished\":\"2025-06-03T18:48:35+00:00\",\"breadcrumb\":{\"@id\":\"https:\/\/deltaseedsholland.nl\/de\/sorteneigenschaften\/#breadcrumb\"},\"inLanguage\":\"de\",\"potentialAction\":[{\"@type\":\"ReadAction\",\"target\":[\"https:\/\/deltaseedsholland.nl\/de\/sorteneigenschaften\/\"]}]},{\"@type\":\"BreadcrumbList\",\"@id\":\"https:\/\/deltaseedsholland.nl\/de\/sorteneigenschaften\/#breadcrumb\",\"itemListElement\":[{\"@type\":\"ListItem\",\"position\":1,\"name\":\"Home\",\"item\":\"https:\/\/deltaseedsholland.nl\/de\/\"},{\"@type\":\"ListItem\",\"position\":2,\"name\":\"Sorteneigenschaften\"}]},{\"@type\":\"WebSite\",\"@id\":\"https:\/\/deltaseedsholland.nl\/#website\",\"url\":\"https:\/\/deltaseedsholland.nl\/\",\"name\":\"Delta Seeds Holland\",\"description\":\"\",\"potentialAction\":[{\"@type\":\"SearchAction\",\"target\":{\"@type\":\"EntryPoint\",\"urlTemplate\":\"https:\/\/deltaseedsholland.nl\/?s={search_term_string}\"},\"query-input\":{\"@type\":\"PropertyValueSpecification\",\"valueRequired\":true,\"valueName\":\"search_term_string\"}}],\"inLanguage\":\"de\"}]}<\/script>\n<!-- \/ Yoast SEO plugin. -->","yoast_head_json":{"title":"Sorteneigenschaften - Delta Seeds Holland","robots":{"index":"index","follow":"follow","max-snippet":"max-snippet:-1","max-image-preview":"max-image-preview:large","max-video-preview":"max-video-preview:-1"},"canonical":"https:\/\/deltaseedsholland.nl\/de\/sorteneigenschaften\/","og_locale":"de_DE","og_type":"article","og_title":"Sorteneigenschaften - Delta Seeds Holland","og_description":"&#x1f31f; Delta Gigant \u2013 eine au\u00dfergew\u00f6hnliche Zwiebelsorte f\u00fcr professionelle Landwirte Delta Gigant ist eine niederl\u00e4ndische Zwiebelsorte, die mit Blick auf hohe Ertr\u00e4ge, Zuverl\u00e4ssigkeit und Qualit\u00e4t entwickelt wurde. Dank jahrelanger Selektion und Z\u00fcchtung durch Delta Seeds Holland zeichnet sich diese Sorte in mehreren Bereichen aus. &#x2705; Wichtigste Eigenschaften von Delta Gigant: Hohe Ertr\u00e4ge \u2013 liefert stabile [&hellip;]","og_url":"https:\/\/deltaseedsholland.nl\/de\/sorteneigenschaften\/","og_site_name":"Delta Seeds Holland","twitter_card":"summary_large_image","twitter_misc":{"Gesch\u00e4tzte Lesezeit":"1\u00a0Minute"},"schema":{"@context":"https:\/\/schema.org","@graph":[{"@type":"WebPage","@id":"https:\/\/deltaseedsholland.nl\/de\/sorteneigenschaften\/","url":"https:\/\/deltaseedsholland.nl\/de\/sorteneigenschaften\/","name":"Sorteneigenschaften - Delta Seeds Holland","isPartOf":{"@id":"https:\/\/deltaseedsholland.nl\/#website"},"datePublished":"2025-06-03T18:48:35+00:00","breadcrumb":{"@id":"https:\/\/deltaseedsholland.nl\/de\/sorteneigenschaften\/#breadcrumb"},"inLanguage":"de","potentialAction":[{"@type":"ReadAction","target":["https:\/\/deltaseedsholland.nl\/de\/sorteneigenschaften\/"]}]},{"@type":"BreadcrumbList","@id":"https:\/\/deltaseedsholland.nl\/de\/sorteneigenschaften\/#breadcrumb","itemListElement":[{"@type":"ListItem","position":1,"name":"Home","item":"https:\/\/deltaseedsholland.nl\/de\/"},{"@type":"ListItem","position":2,"name":"Sorteneigenschaften"}]},{"@type":"WebSite","@id":"https:\/\/deltaseedsholland.nl\/#website","url":"https:\/\/deltaseedsholland.nl\/","name":"Delta Seeds Holland","description":"","potentialAction":[{"@type":"SearchAction","target":{"@type":"EntryPoint","urlTemplate":"https:\/\/deltaseedsholland.nl\/?s={search_term_string}"},"query-input":{"@type":"PropertyValueSpecification","valueRequired":true,"valueName":"search_term_string"}}],"inLanguage":"de"}]}},"_links":{"self":[{"href":"https:\/\/deltaseedsholland.nl\/de\/wp-json\/wp\/v2\/pages\/710","targetHints":{"allow":["GET"]}}],"collection":[{"href":"https:\/\/deltaseedsholland.nl\/de\/wp-json\/wp\/v2\/pages"}],"about":[{"href":"https:\/\/deltaseedsholland.nl\/de\/wp-json\/wp\/v2\/types\/page"}],"author":[{"embeddable":true,"href":"https:\/\/deltaseedsholland.nl\/de\/wp-json\/wp\/v2\/users\/1"}],"replies":[{"embeddable":true,"href":"https:\/\/deltaseedsholland.nl\/de\/wp-json\/wp\/v2\/comments?post=710"}],"version-history":[{"count":0,"href":"https:\/\/deltaseedsholland.nl\/de\/wp-json\/wp\/v2\/pages\/710\/revisions"}],"wp:attachment":[{"href":"https:\/\/deltaseedsholland.nl\/de\/wp-json\/wp\/v2\/media?parent=710"}],"curies":[{"name":"wp","href":"https:\/\/api.w.org\/{rel}","templated":true}]}}