{"id":717,"date":"2025-06-03T20:04:16","date_gmt":"2025-06-03T19:04:16","guid":{"rendered":"https:\/\/www.deltaseedsholland.nl\/preisen\/"},"modified":"2025-06-03T20:04:16","modified_gmt":"2025-06-03T19:04:16","slug":"preisen","status":"publish","type":"page","link":"https:\/\/deltaseedsholland.nl\/de\/preisen\/","title":{"rendered":"Preisen"},"content":{"rendered":"<h3 data-start=\"48\" data-end=\"126\">Informationen zu Preisen und Verpackungen des Zwiebelsaatguts Delta Gigant<\/h3>\n<p data-start=\"128\" data-end=\"332\">Das Zwiebelsaatgut <strong data-start=\"147\" data-end=\"163\">Delta Gigant<\/strong> wird in Einheiten zu je 250.000 Samen verkauft.<br data-start=\"211\" data-end=\"214\" \/>In Deutschland werden f\u00fcr den Anbau von Zwiebeln f\u00fcr die Sch\u00e4lerindustrie in der Regel etwa 4 Einheiten pro Hektar ausges\u00e4t.<\/p>\n<p data-start=\"334\" data-end=\"478\">Wenn die Zwiebeln f\u00fcr die Verpackung angebaut werden, und man keine 70+ Zwiebeln m\u00f6chtet, wird eine h\u00f6here Aussaatmenge verwendet \u2013 bis zu maximal 5 Einheiten Saatgut pro Hektar.<\/p>\n<p data-start=\"480\" data-end=\"613\">Gegen Aufpreis kann das Saatgut auch als vorgekeimtes Saatgut geliefert werden, was die Keimung beschleunigt und gleichm\u00e4\u00dfiger macht.<\/p>\n<p data-start=\"615\" data-end=\"761\">Wir bieten sowohl unbehandeltes Saatgut als auch mit dem Fungizid-Coating <strong data-start=\"689\" data-end=\"698\">Maxim<\/strong> behandeltes Saatgut an, das Schutz vor Pilzkrankheiten bietet.<\/p>\n<p data-start=\"763\" data-end=\"837\">F\u00fcr weitere Preisfragen wenden Sie sich bitte an Adrian: 0031-611212823<\/p>\n","protected":false},"excerpt":{"rendered":"<p>Informationen zu Preisen und Verpackungen des Zwiebelsaatguts Delta Gigant Das Zwiebelsaatgut Delta Gigant wird in Einheiten zu je 250.000 Samen verkauft.In Deutschland werden f\u00fcr den Anbau von Zwiebeln f\u00fcr die Sch\u00e4lerindustrie in der Regel etwa 4 Einheiten pro Hektar ausges\u00e4t. Wenn die Zwiebeln f\u00fcr die Verpackung angebaut werden, und man keine 70+ Zwiebeln m\u00f6chtet, wird [&hellip;]<\/p>\n","protected":false},"author":1,"featured_media":0,"parent":0,"menu_order":0,"comment_status":"closed","ping_status":"closed","template":"","meta":{"footnotes":""},"class_list":["post-717","page","type-page","status-publish","hentry"],"yoast_head":"<!-- This site is optimized with the Yoast SEO plugin v25.2 - https:\/\/yoast.com\/wordpress\/plugins\/seo\/ -->\n<title>Preisen - Delta Seeds Holland<\/title>\n<meta name=\"robots\" content=\"index, follow, max-snippet:-1, max-image-preview:large, max-video-preview:-1\" \/>\n<link rel=\"canonical\" href=\"https:\/\/deltaseedsholland.nl\/de\/preisen\/\" \/>\n<meta property=\"og:locale\" content=\"de_DE\" \/>\n<meta property=\"og:type\" content=\"article\" \/>\n<meta property=\"og:title\" content=\"Preisen - Delta Seeds Holland\" \/>\n<meta property=\"og:description\" content=\"Informationen zu Preisen und Verpackungen des Zwiebelsaatguts Delta Gigant Das Zwiebelsaatgut Delta Gigant wird in Einheiten zu je 250.000 Samen verkauft.In Deutschland werden f\u00fcr den Anbau von Zwiebeln f\u00fcr die Sch\u00e4lerindustrie in der Regel etwa 4 Einheiten pro Hektar ausges\u00e4t. Wenn die Zwiebeln f\u00fcr die Verpackung angebaut werden, und man keine 70+ Zwiebeln m\u00f6chtet, wird [&hellip;]\" \/>\n<meta property=\"og:url\" content=\"https:\/\/deltaseedsholland.nl\/de\/preisen\/\" \/>\n<meta property=\"og:site_name\" content=\"Delta Seeds Holland\" \/>\n<meta name=\"twitter:card\" content=\"summary_large_image\" \/>\n<meta name=\"twitter:label1\" content=\"Gesch\u00e4tzte Lesezeit\" \/>\n\t<meta name=\"twitter:data1\" content=\"1\u00a0Minute\" \/>\n<script type=\"application\/ld+json\" class=\"yoast-schema-graph\">{\"@context\":\"https:\/\/schema.org\",\"@graph\":[{\"@type\":\"WebPage\",\"@id\":\"https:\/\/deltaseedsholland.nl\/de\/preisen\/\",\"url\":\"https:\/\/deltaseedsholland.nl\/de\/preisen\/\",\"name\":\"Preisen - Delta Seeds Holland\",\"isPartOf\":{\"@id\":\"https:\/\/deltaseedsholland.nl\/#website\"},\"datePublished\":\"2025-06-03T19:04:16+00:00\",\"breadcrumb\":{\"@id\":\"https:\/\/deltaseedsholland.nl\/de\/preisen\/#breadcrumb\"},\"inLanguage\":\"de\",\"potentialAction\":[{\"@type\":\"ReadAction\",\"target\":[\"https:\/\/deltaseedsholland.nl\/de\/preisen\/\"]}]},{\"@type\":\"BreadcrumbList\",\"@id\":\"https:\/\/deltaseedsholland.nl\/de\/preisen\/#breadcrumb\",\"itemListElement\":[{\"@type\":\"ListItem\",\"position\":1,\"name\":\"Home\",\"item\":\"https:\/\/deltaseedsholland.nl\/de\/\"},{\"@type\":\"ListItem\",\"position\":2,\"name\":\"Preisen\"}]},{\"@type\":\"WebSite\",\"@id\":\"https:\/\/deltaseedsholland.nl\/#website\",\"url\":\"https:\/\/deltaseedsholland.nl\/\",\"name\":\"Delta Seeds Holland\",\"description\":\"\",\"potentialAction\":[{\"@type\":\"SearchAction\",\"target\":{\"@type\":\"EntryPoint\",\"urlTemplate\":\"https:\/\/deltaseedsholland.nl\/?s={search_term_string}\"},\"query-input\":{\"@type\":\"PropertyValueSpecification\",\"valueRequired\":true,\"valueName\":\"search_term_string\"}}],\"inLanguage\":\"de\"}]}<\/script>\n<!-- \/ Yoast SEO plugin. -->","yoast_head_json":{"title":"Preisen - Delta Seeds Holland","robots":{"index":"index","follow":"follow","max-snippet":"max-snippet:-1","max-image-preview":"max-image-preview:large","max-video-preview":"max-video-preview:-1"},"canonical":"https:\/\/deltaseedsholland.nl\/de\/preisen\/","og_locale":"de_DE","og_type":"article","og_title":"Preisen - Delta Seeds Holland","og_description":"Informationen zu Preisen und Verpackungen des Zwiebelsaatguts Delta Gigant Das Zwiebelsaatgut Delta Gigant wird in Einheiten zu je 250.000 Samen verkauft.In Deutschland werden f\u00fcr den Anbau von Zwiebeln f\u00fcr die Sch\u00e4lerindustrie in der Regel etwa 4 Einheiten pro Hektar ausges\u00e4t. Wenn die Zwiebeln f\u00fcr die Verpackung angebaut werden, und man keine 70+ Zwiebeln m\u00f6chtet, wird [&hellip;]","og_url":"https:\/\/deltaseedsholland.nl\/de\/preisen\/","og_site_name":"Delta Seeds Holland","twitter_card":"summary_large_image","twitter_misc":{"Gesch\u00e4tzte Lesezeit":"1\u00a0Minute"},"schema":{"@context":"https:\/\/schema.org","@graph":[{"@type":"WebPage","@id":"https:\/\/deltaseedsholland.nl\/de\/preisen\/","url":"https:\/\/deltaseedsholland.nl\/de\/preisen\/","name":"Preisen - Delta Seeds Holland","isPartOf":{"@id":"https:\/\/deltaseedsholland.nl\/#website"},"datePublished":"2025-06-03T19:04:16+00:00","breadcrumb":{"@id":"https:\/\/deltaseedsholland.nl\/de\/preisen\/#breadcrumb"},"inLanguage":"de","potentialAction":[{"@type":"ReadAction","target":["https:\/\/deltaseedsholland.nl\/de\/preisen\/"]}]},{"@type":"BreadcrumbList","@id":"https:\/\/deltaseedsholland.nl\/de\/preisen\/#breadcrumb","itemListElement":[{"@type":"ListItem","position":1,"name":"Home","item":"https:\/\/deltaseedsholland.nl\/de\/"},{"@type":"ListItem","position":2,"name":"Preisen"}]},{"@type":"WebSite","@id":"https:\/\/deltaseedsholland.nl\/#website","url":"https:\/\/deltaseedsholland.nl\/","name":"Delta Seeds Holland","description":"","potentialAction":[{"@type":"SearchAction","target":{"@type":"EntryPoint","urlTemplate":"https:\/\/deltaseedsholland.nl\/?s={search_term_string}"},"query-input":{"@type":"PropertyValueSpecification","valueRequired":true,"valueName":"search_term_string"}}],"inLanguage":"de"}]}},"_links":{"self":[{"href":"https:\/\/deltaseedsholland.nl\/de\/wp-json\/wp\/v2\/pages\/717","targetHints":{"allow":["GET"]}}],"collection":[{"href":"https:\/\/deltaseedsholland.nl\/de\/wp-json\/wp\/v2\/pages"}],"about":[{"href":"https:\/\/deltaseedsholland.nl\/de\/wp-json\/wp\/v2\/types\/page"}],"author":[{"embeddable":true,"href":"https:\/\/deltaseedsholland.nl\/de\/wp-json\/wp\/v2\/users\/1"}],"replies":[{"embeddable":true,"href":"https:\/\/deltaseedsholland.nl\/de\/wp-json\/wp\/v2\/comments?post=717"}],"version-history":[{"count":0,"href":"https:\/\/deltaseedsholland.nl\/de\/wp-json\/wp\/v2\/pages\/717\/revisions"}],"wp:attachment":[{"href":"https:\/\/deltaseedsholland.nl\/de\/wp-json\/wp\/v2\/media?parent=717"}],"curies":[{"name":"wp","href":"https:\/\/api.w.org\/{rel}","templated":true}]}}