{"id":721,"date":"2025-06-03T20:10:26","date_gmt":"2025-06-03T19:10:26","guid":{"rendered":"https:\/\/www.deltaseedsholland.nl\/sortenliste\/"},"modified":"2026-01-02T11:07:55","modified_gmt":"2026-01-02T10:07:55","slug":"sortenliste","status":"publish","type":"page","link":"https:\/\/deltaseedsholland.nl\/de\/sortenliste\/","title":{"rendered":"Sortenliste"},"content":{"rendered":"<h1>Sortenliste<\/h1>\n<p data-start=\"186\" data-end=\"442\"><a href=\"https:\/\/deltaseedsholland.nl\/wp-content\/uploads\/2026\/01\/Sortenliste-2026-DE-scaled.png\"><img loading=\"lazy\" decoding=\"async\" class=\"alignnone size-medium wp-image-1051\" src=\"https:\/\/deltaseedsholland.nl\/wp-content\/uploads\/2026\/01\/Sortenliste-2026-DE-174x300.png\" alt=\"\" width=\"174\" height=\"300\" srcset=\"https:\/\/deltaseedsholland.nl\/wp-content\/uploads\/2026\/01\/Sortenliste-2026-DE-174x300.png 174w, https:\/\/deltaseedsholland.nl\/wp-content\/uploads\/2026\/01\/Sortenliste-2026-DE-594x1024.png 594w, https:\/\/deltaseedsholland.nl\/wp-content\/uploads\/2026\/01\/Sortenliste-2026-DE-768x1323.png 768w, https:\/\/deltaseedsholland.nl\/wp-content\/uploads\/2026\/01\/Sortenliste-2026-DE-891x1536.png 891w, https:\/\/deltaseedsholland.nl\/wp-content\/uploads\/2026\/01\/Sortenliste-2026-DE-1189x2048.png 1189w, https:\/\/deltaseedsholland.nl\/wp-content\/uploads\/2026\/01\/Sortenliste-2026-DE-600x1034.png 600w, https:\/\/deltaseedsholland.nl\/wp-content\/uploads\/2026\/01\/Sortenliste-2026-DE-scaled.png 1486w\" sizes=\"auto, (max-width: 174px) 100vw, 174px\" \/><\/a><\/p>\n<h2 data-start=\"279\" data-end=\"353\"><strong data-start=\"282\" data-end=\"353\">Delta Gigant \u2013 \u00dcberzeugende Leistung laut Uireka (Anbausaison 2026)<\/strong><\/h2>\n<p data-start=\"355\" data-end=\"638\">Delta Gigant best\u00e4tigt auch in der Anbausaison 2026 seine starke Position als leistungsf\u00e4hige Zwiebelsorte. In den unabh\u00e4ngigen Sortenversuchen von Uireka erzielt Delta Gigant sowohl im S\u00fcdwesten als auch im Nordosten der Niederlande \u00fcberdurchschnittliche Ergebnisse.<\/p>\n<h3 data-start=\"640\" data-end=\"668\"><strong data-start=\"644\" data-end=\"668\">St\u00e4rken im \u00dcberblick<\/strong><\/h3>\n<ul data-start=\"669\" data-end=\"1570\">\n<li data-start=\"669\" data-end=\"839\">\n<p data-start=\"671\" data-end=\"839\"><strong data-start=\"671\" data-end=\"692\">Sehr hoher Ertrag<\/strong><br data-start=\"692\" data-end=\"695\" \/>Delta Gigant erreicht Ertragsindizes von 108 (S\u00fcdwest) und 110 (Nordost) und geh\u00f6rt damit zu den leistungsst\u00e4rksten Sorten im Versuch.<\/p>\n<\/li>\n<li data-start=\"840\" data-end=\"963\">\n<p data-start=\"842\" data-end=\"963\"><strong data-start=\"842\" data-end=\"863\">Fr\u00fche Entwicklung<\/strong><br data-start=\"863\" data-end=\"866\" \/>Die Sorte zeigt eine fr\u00fche Abreife, was eine zeitige Ernte und flexible Vermarktung erm\u00f6glicht.<\/p>\n<\/li>\n<li data-start=\"964\" data-end=\"1092\">\n<p data-start=\"966\" data-end=\"1092\"><strong data-start=\"966\" data-end=\"994\">Gleichm\u00e4\u00dfige Knollenform<\/strong><br data-start=\"994\" data-end=\"997\" \/>Die Zwiebeln sind \u00fcberwiegend rund bis hochrund, was f\u00fcr eine hohe Sortierqualit\u00e4t sorgt.<\/p>\n<\/li>\n<li data-start=\"1093\" data-end=\"1263\">\n<p data-start=\"1095\" data-end=\"1263\"><strong data-start=\"1095\" data-end=\"1129\">Geringer Anteil an Abweichlern<\/strong><br data-start=\"1129\" data-end=\"1132\" \/>Der Anteil an form- oder gr\u00f6\u00dfenabweichenden Zwiebeln liegt auf niedrigem Niveau \u2013 ein klarer Vorteil f\u00fcr Handel und Verarbeitung.<\/p>\n<\/li>\n<li data-start=\"1264\" data-end=\"1438\">\n<p data-start=\"1266\" data-end=\"1438\"><strong data-start=\"1266\" data-end=\"1295\">Sehr gute innere Qualit\u00e4t<\/strong><br data-start=\"1295\" data-end=\"1298\" \/>Ein hoher Anteil der Zwiebeln weist nur ein oder zwei Herzen bei geringem Abstand auf, was f\u00fcr Festigkeit und Lagerstabilit\u00e4t spricht.<\/p>\n<\/li>\n<li data-start=\"1439\" data-end=\"1570\">\n<p data-start=\"1441\" data-end=\"1570\"><strong data-start=\"1441\" data-end=\"1459\">Lange Keimruhe<\/strong><br data-start=\"1459\" data-end=\"1462\" \/>Die hohe Keimruhe sorgt f\u00fcr exzellente Lagerf\u00e4higkeit und minimiert Verluste w\u00e4hrend der Lagerperiode.<\/p>\n<\/li>\n<\/ul>\n<h3 data-start=\"1572\" data-end=\"1585\"><strong data-start=\"1576\" data-end=\"1585\">Fazit<\/strong><\/h3>\n<p data-start=\"1586\" data-end=\"1874\">Mit hohem Ertrag, stabiler Qualit\u00e4t und sehr guter Lagerf\u00e4higkeit ist Delta Gigant eine sichere Wahl f\u00fcr professionelle Zwiebelanbauer. Die Ergebnisse der unabh\u00e4ngigen Uireka-Versuche unterstreichen:<br data-start=\"1801\" data-end=\"1804\" \/><strong data-start=\"1804\" data-end=\"1874\">Delta Gigant liefert \u2013 zuverl\u00e4ssig, marktf\u00e4hig und wirtschaftlich.<\/strong><\/p>\n","protected":false},"excerpt":{"rendered":"<p>Sortenliste Delta Gigant \u2013 \u00dcberzeugende Leistung laut Uireka (Anbausaison 2026) Delta Gigant best\u00e4tigt auch in der Anbausaison 2026 seine starke Position als leistungsf\u00e4hige Zwiebelsorte. In den unabh\u00e4ngigen Sortenversuchen von Uireka erzielt Delta Gigant sowohl im S\u00fcdwesten als auch im Nordosten der Niederlande \u00fcberdurchschnittliche Ergebnisse. St\u00e4rken im \u00dcberblick Sehr hoher ErtragDelta Gigant erreicht Ertragsindizes von 108 [&hellip;]<\/p>\n","protected":false},"author":1,"featured_media":0,"parent":0,"menu_order":0,"comment_status":"closed","ping_status":"closed","template":"","meta":{"footnotes":""},"class_list":["post-721","page","type-page","status-publish","hentry"],"yoast_head":"<!-- This site is optimized with the Yoast SEO plugin v25.2 - https:\/\/yoast.com\/wordpress\/plugins\/seo\/ -->\n<title>Sortenliste - Delta Seeds Holland<\/title>\n<meta name=\"robots\" content=\"index, follow, max-snippet:-1, max-image-preview:large, max-video-preview:-1\" \/>\n<link rel=\"canonical\" href=\"https:\/\/deltaseedsholland.nl\/de\/sortenliste\/\" \/>\n<meta property=\"og:locale\" content=\"de_DE\" \/>\n<meta property=\"og:type\" content=\"article\" \/>\n<meta property=\"og:title\" content=\"Sortenliste - Delta Seeds Holland\" \/>\n<meta property=\"og:description\" content=\"Sortenliste Delta Gigant \u2013 \u00dcberzeugende Leistung laut Uireka (Anbausaison 2026) Delta Gigant best\u00e4tigt auch in der Anbausaison 2026 seine starke Position als leistungsf\u00e4hige Zwiebelsorte. In den unabh\u00e4ngigen Sortenversuchen von Uireka erzielt Delta Gigant sowohl im S\u00fcdwesten als auch im Nordosten der Niederlande \u00fcberdurchschnittliche Ergebnisse. St\u00e4rken im \u00dcberblick Sehr hoher ErtragDelta Gigant erreicht Ertragsindizes von 108 [&hellip;]\" \/>\n<meta property=\"og:url\" content=\"https:\/\/deltaseedsholland.nl\/de\/sortenliste\/\" \/>\n<meta property=\"og:site_name\" content=\"Delta Seeds Holland\" \/>\n<meta property=\"article:modified_time\" content=\"2026-01-02T10:07:55+00:00\" \/>\n<meta property=\"og:image\" content=\"https:\/\/deltaseedsholland.nl\/wp-content\/uploads\/2026\/01\/Sortenliste-2026-DE-174x300.png\" \/>\n<meta name=\"twitter:card\" content=\"summary_large_image\" \/>\n<meta name=\"twitter:label1\" content=\"Gesch\u00e4tzte Lesezeit\" \/>\n\t<meta name=\"twitter:data1\" content=\"2\u00a0Minuten\" \/>\n<script type=\"application\/ld+json\" class=\"yoast-schema-graph\">{\"@context\":\"https:\/\/schema.org\",\"@graph\":[{\"@type\":\"WebPage\",\"@id\":\"https:\/\/deltaseedsholland.nl\/de\/sortenliste\/\",\"url\":\"https:\/\/deltaseedsholland.nl\/de\/sortenliste\/\",\"name\":\"Sortenliste - Delta Seeds Holland\",\"isPartOf\":{\"@id\":\"https:\/\/deltaseedsholland.nl\/#website\"},\"primaryImageOfPage\":{\"@id\":\"https:\/\/deltaseedsholland.nl\/de\/sortenliste\/#primaryimage\"},\"image\":{\"@id\":\"https:\/\/deltaseedsholland.nl\/de\/sortenliste\/#primaryimage\"},\"thumbnailUrl\":\"https:\/\/deltaseedsholland.nl\/wp-content\/uploads\/2026\/01\/Sortenliste-2026-DE-174x300.png\",\"datePublished\":\"2025-06-03T19:10:26+00:00\",\"dateModified\":\"2026-01-02T10:07:55+00:00\",\"breadcrumb\":{\"@id\":\"https:\/\/deltaseedsholland.nl\/de\/sortenliste\/#breadcrumb\"},\"inLanguage\":\"de\",\"potentialAction\":[{\"@type\":\"ReadAction\",\"target\":[\"https:\/\/deltaseedsholland.nl\/de\/sortenliste\/\"]}]},{\"@type\":\"ImageObject\",\"inLanguage\":\"de\",\"@id\":\"https:\/\/deltaseedsholland.nl\/de\/sortenliste\/#primaryimage\",\"url\":\"https:\/\/deltaseedsholland.nl\/wp-content\/uploads\/2026\/01\/Sortenliste-2026-DE-174x300.png\",\"contentUrl\":\"https:\/\/deltaseedsholland.nl\/wp-content\/uploads\/2026\/01\/Sortenliste-2026-DE-174x300.png\"},{\"@type\":\"BreadcrumbList\",\"@id\":\"https:\/\/deltaseedsholland.nl\/de\/sortenliste\/#breadcrumb\",\"itemListElement\":[{\"@type\":\"ListItem\",\"position\":1,\"name\":\"Home\",\"item\":\"https:\/\/deltaseedsholland.nl\/de\/\"},{\"@type\":\"ListItem\",\"position\":2,\"name\":\"Sortenliste\"}]},{\"@type\":\"WebSite\",\"@id\":\"https:\/\/deltaseedsholland.nl\/#website\",\"url\":\"https:\/\/deltaseedsholland.nl\/\",\"name\":\"Delta Seeds Holland\",\"description\":\"\",\"potentialAction\":[{\"@type\":\"SearchAction\",\"target\":{\"@type\":\"EntryPoint\",\"urlTemplate\":\"https:\/\/deltaseedsholland.nl\/?s={search_term_string}\"},\"query-input\":{\"@type\":\"PropertyValueSpecification\",\"valueRequired\":true,\"valueName\":\"search_term_string\"}}],\"inLanguage\":\"de\"}]}<\/script>\n<!-- \/ Yoast SEO plugin. -->","yoast_head_json":{"title":"Sortenliste - Delta Seeds Holland","robots":{"index":"index","follow":"follow","max-snippet":"max-snippet:-1","max-image-preview":"max-image-preview:large","max-video-preview":"max-video-preview:-1"},"canonical":"https:\/\/deltaseedsholland.nl\/de\/sortenliste\/","og_locale":"de_DE","og_type":"article","og_title":"Sortenliste - Delta Seeds Holland","og_description":"Sortenliste Delta Gigant \u2013 \u00dcberzeugende Leistung laut Uireka (Anbausaison 2026) Delta Gigant best\u00e4tigt auch in der Anbausaison 2026 seine starke Position als leistungsf\u00e4hige Zwiebelsorte. In den unabh\u00e4ngigen Sortenversuchen von Uireka erzielt Delta Gigant sowohl im S\u00fcdwesten als auch im Nordosten der Niederlande \u00fcberdurchschnittliche Ergebnisse. St\u00e4rken im \u00dcberblick Sehr hoher ErtragDelta Gigant erreicht Ertragsindizes von 108 [&hellip;]","og_url":"https:\/\/deltaseedsholland.nl\/de\/sortenliste\/","og_site_name":"Delta Seeds Holland","article_modified_time":"2026-01-02T10:07:55+00:00","og_image":[{"url":"https:\/\/deltaseedsholland.nl\/wp-content\/uploads\/2026\/01\/Sortenliste-2026-DE-174x300.png","type":"","width":"","height":""}],"twitter_card":"summary_large_image","twitter_misc":{"Gesch\u00e4tzte Lesezeit":"2\u00a0Minuten"},"schema":{"@context":"https:\/\/schema.org","@graph":[{"@type":"WebPage","@id":"https:\/\/deltaseedsholland.nl\/de\/sortenliste\/","url":"https:\/\/deltaseedsholland.nl\/de\/sortenliste\/","name":"Sortenliste - Delta Seeds Holland","isPartOf":{"@id":"https:\/\/deltaseedsholland.nl\/#website"},"primaryImageOfPage":{"@id":"https:\/\/deltaseedsholland.nl\/de\/sortenliste\/#primaryimage"},"image":{"@id":"https:\/\/deltaseedsholland.nl\/de\/sortenliste\/#primaryimage"},"thumbnailUrl":"https:\/\/deltaseedsholland.nl\/wp-content\/uploads\/2026\/01\/Sortenliste-2026-DE-174x300.png","datePublished":"2025-06-03T19:10:26+00:00","dateModified":"2026-01-02T10:07:55+00:00","breadcrumb":{"@id":"https:\/\/deltaseedsholland.nl\/de\/sortenliste\/#breadcrumb"},"inLanguage":"de","potentialAction":[{"@type":"ReadAction","target":["https:\/\/deltaseedsholland.nl\/de\/sortenliste\/"]}]},{"@type":"ImageObject","inLanguage":"de","@id":"https:\/\/deltaseedsholland.nl\/de\/sortenliste\/#primaryimage","url":"https:\/\/deltaseedsholland.nl\/wp-content\/uploads\/2026\/01\/Sortenliste-2026-DE-174x300.png","contentUrl":"https:\/\/deltaseedsholland.nl\/wp-content\/uploads\/2026\/01\/Sortenliste-2026-DE-174x300.png"},{"@type":"BreadcrumbList","@id":"https:\/\/deltaseedsholland.nl\/de\/sortenliste\/#breadcrumb","itemListElement":[{"@type":"ListItem","position":1,"name":"Home","item":"https:\/\/deltaseedsholland.nl\/de\/"},{"@type":"ListItem","position":2,"name":"Sortenliste"}]},{"@type":"WebSite","@id":"https:\/\/deltaseedsholland.nl\/#website","url":"https:\/\/deltaseedsholland.nl\/","name":"Delta Seeds Holland","description":"","potentialAction":[{"@type":"SearchAction","target":{"@type":"EntryPoint","urlTemplate":"https:\/\/deltaseedsholland.nl\/?s={search_term_string}"},"query-input":{"@type":"PropertyValueSpecification","valueRequired":true,"valueName":"search_term_string"}}],"inLanguage":"de"}]}},"_links":{"self":[{"href":"https:\/\/deltaseedsholland.nl\/de\/wp-json\/wp\/v2\/pages\/721","targetHints":{"allow":["GET"]}}],"collection":[{"href":"https:\/\/deltaseedsholland.nl\/de\/wp-json\/wp\/v2\/pages"}],"about":[{"href":"https:\/\/deltaseedsholland.nl\/de\/wp-json\/wp\/v2\/types\/page"}],"author":[{"embeddable":true,"href":"https:\/\/deltaseedsholland.nl\/de\/wp-json\/wp\/v2\/users\/1"}],"replies":[{"embeddable":true,"href":"https:\/\/deltaseedsholland.nl\/de\/wp-json\/wp\/v2\/comments?post=721"}],"version-history":[{"count":3,"href":"https:\/\/deltaseedsholland.nl\/de\/wp-json\/wp\/v2\/pages\/721\/revisions"}],"predecessor-version":[{"id":739,"href":"https:\/\/deltaseedsholland.nl\/de\/wp-json\/wp\/v2\/pages\/721\/revisions\/739"}],"wp:attachment":[{"href":"https:\/\/deltaseedsholland.nl\/de\/wp-json\/wp\/v2\/media?parent=721"}],"curies":[{"name":"wp","href":"https:\/\/api.w.org\/{rel}","templated":true}]}}