{"id":1013,"date":"2025-06-18T13:05:21","date_gmt":"2025-06-25T08:24:52","guid":{"rendered":"https:\/\/www.deltaseedsholland.nl\/?post_type=product&#038;p=1013"},"modified":"2025-06-25T09:24:52","modified_gmt":"2025-06-25T08:24:52","slug":"delta-gigant","status":"publish","type":"product","link":"https:\/\/deltaseedsholland.nl\/de\/produkt\/delta-gigant\/","title":{"rendered":"Delta Gigant"},"content":{"rendered":"<p data-start=\"47\" data-end=\"112\"><strong data-start=\"47\" data-end=\"112\">Delta Gigant Zwiebelsaatgut \u2013 Garantiert gigantische Ertr\u00e4ge!<\/strong><\/p>\n<p data-start=\"114\" data-end=\"415\">Suchen Sie eine beeindruckende Zwiebelernte mit gro\u00dfen, schmackhaften und lagerf\u00e4higen Zwiebeln? Dann ist Delta Gigant die ideale Wahl! Diese kr\u00e4ftige Zwiebelsorte ist bekannt f\u00fcr ihre au\u00dfergew\u00f6hnlich gro\u00dfen Zwiebeln, hohen Ertr\u00e4ge und hervorragende Lagerf\u00e4higkeit. Perfekt f\u00fcr professionelle Anbauer.<\/p>\n<p data-start=\"417\" data-end=\"715\"><strong data-start=\"417\" data-end=\"447\">Warum Delta Gigant w\u00e4hlen?<\/strong><br data-start=\"447\" data-end=\"450\" \/>&#x2705; Sehr gro\u00dfe Zwiebeln \u2013 beeindruckende Gr\u00f6\u00dfe ohne Qualit\u00e4tsverlust<br data-start=\"516\" data-end=\"519\" \/>&#x2705; Gelbe Schale \u2013 fest und haltbar, ideal f\u00fcr die Lagerung<br data-start=\"576\" data-end=\"579\" \/>&#x2705; Kr\u00e4ftiges Wachstum \u2013 geeignet f\u00fcr verschiedene Bodentypen<br data-start=\"638\" data-end=\"641\" \/>&#x2705; Gute Widerstandsf\u00e4higkeit \u2013 resistent gegen g\u00e4ngige Zwiebelkrankheiten<\/p>\n<p data-start=\"717\" data-end=\"827\"><strong data-start=\"717\" data-end=\"733\">Aussaatzeit:<\/strong> M\u00e4rz \u2013 April<br data-start=\"746\" data-end=\"749\" \/><strong data-start=\"749\" data-end=\"759\">Ernte:<\/strong> August \u2013 September<br data-start=\"778\" data-end=\"781\" \/><strong data-start=\"781\" data-end=\"796\">Verwendung:<\/strong> frisch, Lagerung, Verarbeitung<\/p>\n","protected":false},"excerpt":{"rendered":"<p>Delta Gigant Zwiebelsaatgut liefert au\u00dfergew\u00f6hnlich hohe Ertr\u00e4ge und beeindruckende, langlebige Zwiebeln. Ideal f\u00fcr professionelle Landwirte und Anbauer, die h\u00f6chste Qualit\u00e4t und Leistung suchen.<\/p>\n","protected":false},"featured_media":820,"comment_status":"closed","ping_status":"closed","template":"","meta":[],"product_brand":[],"product_cat":[81],"product_tag":[],"class_list":{"0":"post-1013","1":"product","2":"type-product","3":"status-publish","4":"has-post-thumbnail","6":"product_cat-zwiebelsamen","8":"first","9":"instock","10":"taxable","11":"shipping-taxable","12":"purchasable","13":"product-type-simple"},"yoast_head":"<!-- This site is optimized with the Yoast SEO plugin v25.2 - https:\/\/yoast.com\/wordpress\/plugins\/seo\/ -->\n<title>Delta Gigant - Delta Seeds Holland<\/title>\n<meta name=\"robots\" content=\"index, follow, max-snippet:-1, max-image-preview:large, max-video-preview:-1\" \/>\n<link rel=\"canonical\" href=\"https:\/\/deltaseedsholland.nl\/de\/produkt\/delta-gigant\/\" \/>\n<meta property=\"og:locale\" content=\"de_DE\" \/>\n<meta property=\"og:type\" content=\"article\" \/>\n<meta property=\"og:title\" content=\"Delta Gigant - Delta Seeds Holland\" \/>\n<meta property=\"og:description\" content=\"Delta Gigant Zwiebelsaatgut liefert au\u00dfergew\u00f6hnlich hohe Ertr\u00e4ge und beeindruckende, langlebige Zwiebeln. Ideal f\u00fcr professionelle Landwirte und Anbauer, die h\u00f6chste Qualit\u00e4t und Leistung suchen.\" \/>\n<meta property=\"og:url\" content=\"https:\/\/deltaseedsholland.nl\/de\/produkt\/delta-gigant\/\" \/>\n<meta property=\"og:site_name\" content=\"Delta Seeds Holland\" \/>\n<meta property=\"og:image\" content=\"https:\/\/deltaseedsholland.nl\/wp-content\/uploads\/2025\/06\/DeltaGigant.jpg\" \/>\n\t<meta property=\"og:image:width\" content=\"1024\" \/>\n\t<meta property=\"og:image:height\" content=\"768\" \/>\n\t<meta property=\"og:image:type\" content=\"image\/jpeg\" \/>\n<meta name=\"twitter:card\" content=\"summary_large_image\" \/>\n<meta name=\"twitter:label1\" content=\"Gesch\u00e4tzte Lesezeit\" \/>\n\t<meta name=\"twitter:data1\" content=\"1\u00a0Minute\" \/>\n<script type=\"application\/ld+json\" class=\"yoast-schema-graph\">{\"@context\":\"https:\/\/schema.org\",\"@graph\":[{\"@type\":\"WebPage\",\"@id\":\"https:\/\/deltaseedsholland.nl\/de\/produkt\/delta-gigant\/\",\"url\":\"https:\/\/deltaseedsholland.nl\/de\/produkt\/delta-gigant\/\",\"name\":\"Delta Gigant - Delta Seeds Holland\",\"isPartOf\":{\"@id\":\"https:\/\/deltaseedsholland.nl\/#website\"},\"primaryImageOfPage\":{\"@id\":\"https:\/\/deltaseedsholland.nl\/de\/produkt\/delta-gigant\/#primaryimage\"},\"image\":{\"@id\":\"https:\/\/deltaseedsholland.nl\/de\/produkt\/delta-gigant\/#primaryimage\"},\"thumbnailUrl\":\"https:\/\/deltaseedsholland.nl\/wp-content\/uploads\/2025\/06\/DeltaGigant.jpg\",\"datePublished\":\"2025-06-25T08:24:52+00:00\",\"breadcrumb\":{\"@id\":\"https:\/\/deltaseedsholland.nl\/de\/produkt\/delta-gigant\/#breadcrumb\"},\"inLanguage\":\"de\",\"potentialAction\":[{\"@type\":\"ReadAction\",\"target\":[\"https:\/\/deltaseedsholland.nl\/de\/produkt\/delta-gigant\/\"]}]},{\"@type\":\"ImageObject\",\"inLanguage\":\"de\",\"@id\":\"https:\/\/deltaseedsholland.nl\/de\/produkt\/delta-gigant\/#primaryimage\",\"url\":\"https:\/\/deltaseedsholland.nl\/wp-content\/uploads\/2025\/06\/DeltaGigant.jpg\",\"contentUrl\":\"https:\/\/deltaseedsholland.nl\/wp-content\/uploads\/2025\/06\/DeltaGigant.jpg\",\"width\":1024,\"height\":768},{\"@type\":\"BreadcrumbList\",\"@id\":\"https:\/\/deltaseedsholland.nl\/de\/produkt\/delta-gigant\/#breadcrumb\",\"itemListElement\":[{\"@type\":\"ListItem\",\"position\":1,\"name\":\"Home\",\"item\":\"https:\/\/deltaseedsholland.nl\/de\/\"},{\"@type\":\"ListItem\",\"position\":2,\"name\":\"Delta Gigant\"}]},{\"@type\":\"WebSite\",\"@id\":\"https:\/\/deltaseedsholland.nl\/#website\",\"url\":\"https:\/\/deltaseedsholland.nl\/\",\"name\":\"Delta Seeds Holland\",\"description\":\"\",\"potentialAction\":[{\"@type\":\"SearchAction\",\"target\":{\"@type\":\"EntryPoint\",\"urlTemplate\":\"https:\/\/deltaseedsholland.nl\/?s={search_term_string}\"},\"query-input\":{\"@type\":\"PropertyValueSpecification\",\"valueRequired\":true,\"valueName\":\"search_term_string\"}}],\"inLanguage\":\"de\"}]}<\/script>\n<!-- \/ Yoast SEO plugin. -->","yoast_head_json":{"title":"Delta Gigant - Delta Seeds Holland","robots":{"index":"index","follow":"follow","max-snippet":"max-snippet:-1","max-image-preview":"max-image-preview:large","max-video-preview":"max-video-preview:-1"},"canonical":"https:\/\/deltaseedsholland.nl\/de\/produkt\/delta-gigant\/","og_locale":"de_DE","og_type":"article","og_title":"Delta Gigant - Delta Seeds Holland","og_description":"Delta Gigant Zwiebelsaatgut liefert au\u00dfergew\u00f6hnlich hohe Ertr\u00e4ge und beeindruckende, langlebige Zwiebeln. Ideal f\u00fcr professionelle Landwirte und Anbauer, die h\u00f6chste Qualit\u00e4t und Leistung suchen.","og_url":"https:\/\/deltaseedsholland.nl\/de\/produkt\/delta-gigant\/","og_site_name":"Delta Seeds Holland","og_image":[{"width":1024,"height":768,"url":"https:\/\/deltaseedsholland.nl\/wp-content\/uploads\/2025\/06\/DeltaGigant.jpg","type":"image\/jpeg"}],"twitter_card":"summary_large_image","twitter_misc":{"Gesch\u00e4tzte Lesezeit":"1\u00a0Minute"},"schema":{"@context":"https:\/\/schema.org","@graph":[{"@type":"WebPage","@id":"https:\/\/deltaseedsholland.nl\/de\/produkt\/delta-gigant\/","url":"https:\/\/deltaseedsholland.nl\/de\/produkt\/delta-gigant\/","name":"Delta Gigant - Delta Seeds Holland","isPartOf":{"@id":"https:\/\/deltaseedsholland.nl\/#website"},"primaryImageOfPage":{"@id":"https:\/\/deltaseedsholland.nl\/de\/produkt\/delta-gigant\/#primaryimage"},"image":{"@id":"https:\/\/deltaseedsholland.nl\/de\/produkt\/delta-gigant\/#primaryimage"},"thumbnailUrl":"https:\/\/deltaseedsholland.nl\/wp-content\/uploads\/2025\/06\/DeltaGigant.jpg","datePublished":"2025-06-25T08:24:52+00:00","breadcrumb":{"@id":"https:\/\/deltaseedsholland.nl\/de\/produkt\/delta-gigant\/#breadcrumb"},"inLanguage":"de","potentialAction":[{"@type":"ReadAction","target":["https:\/\/deltaseedsholland.nl\/de\/produkt\/delta-gigant\/"]}]},{"@type":"ImageObject","inLanguage":"de","@id":"https:\/\/deltaseedsholland.nl\/de\/produkt\/delta-gigant\/#primaryimage","url":"https:\/\/deltaseedsholland.nl\/wp-content\/uploads\/2025\/06\/DeltaGigant.jpg","contentUrl":"https:\/\/deltaseedsholland.nl\/wp-content\/uploads\/2025\/06\/DeltaGigant.jpg","width":1024,"height":768},{"@type":"BreadcrumbList","@id":"https:\/\/deltaseedsholland.nl\/de\/produkt\/delta-gigant\/#breadcrumb","itemListElement":[{"@type":"ListItem","position":1,"name":"Home","item":"https:\/\/deltaseedsholland.nl\/de\/"},{"@type":"ListItem","position":2,"name":"Delta Gigant"}]},{"@type":"WebSite","@id":"https:\/\/deltaseedsholland.nl\/#website","url":"https:\/\/deltaseedsholland.nl\/","name":"Delta Seeds Holland","description":"","potentialAction":[{"@type":"SearchAction","target":{"@type":"EntryPoint","urlTemplate":"https:\/\/deltaseedsholland.nl\/?s={search_term_string}"},"query-input":{"@type":"PropertyValueSpecification","valueRequired":true,"valueName":"search_term_string"}}],"inLanguage":"de"}]}},"_links":{"self":[{"href":"https:\/\/deltaseedsholland.nl\/de\/wp-json\/wp\/v2\/product\/1013","targetHints":{"allow":["GET"]}}],"collection":[{"href":"https:\/\/deltaseedsholland.nl\/de\/wp-json\/wp\/v2\/product"}],"about":[{"href":"https:\/\/deltaseedsholland.nl\/de\/wp-json\/wp\/v2\/types\/product"}],"replies":[{"embeddable":true,"href":"https:\/\/deltaseedsholland.nl\/de\/wp-json\/wp\/v2\/comments?post=1013"}],"wp:featuredmedia":[{"embeddable":true,"href":"https:\/\/deltaseedsholland.nl\/de\/wp-json\/wp\/v2\/media\/820"}],"wp:attachment":[{"href":"https:\/\/deltaseedsholland.nl\/de\/wp-json\/wp\/v2\/media?parent=1013"}],"wp:term":[{"taxonomy":"product_brand","embeddable":true,"href":"https:\/\/deltaseedsholland.nl\/de\/wp-json\/wp\/v2\/product_brand?post=1013"},{"taxonomy":"product_cat","embeddable":true,"href":"https:\/\/deltaseedsholland.nl\/de\/wp-json\/wp\/v2\/product_cat?post=1013"},{"taxonomy":"product_tag","embeddable":true,"href":"https:\/\/deltaseedsholland.nl\/de\/wp-json\/wp\/v2\/product_tag?post=1013"}],"curies":[{"name":"wp","href":"https:\/\/api.w.org\/{rel}","templated":true}]}}