{"id":706,"date":"2025-06-03T19:16:14","date_gmt":"2025-06-03T18:16:14","guid":{"rendered":"https:\/\/www.deltaseedsholland.nl\/graines-doignon-neerlandaises-pour-agriculteurs-et-maraichers\/"},"modified":"2025-06-25T08:59:21","modified_gmt":"2025-06-25T07:59:21","slug":"graines-doignon-neerlandaises-pour-agriculteurs-et-maraichers","status":"publish","type":"page","link":"https:\/\/deltaseedsholland.nl\/fr\/","title":{"rendered":"Graines d&rsquo;oignon n\u00e9erlandaises pour agriculteurs et mara\u00eechers"},"content":{"rendered":"<h1 data-start=\"60\" data-end=\"154\"><strong data-start=\"60\" data-end=\"154\">Bienvenue chez Delta Seeds Holland \u2013 Le sp\u00e9cialiste des semences d\u2019oignon de haute qualit\u00e9<\/strong><\/h1>\n<p data-start=\"156\" data-end=\"476\">Chez Delta Seeds Holland, nous allions des d\u00e9cennies d\u2019exp\u00e9rience \u00e0 une passion pour vous offrir les meilleures vari\u00e9t\u00e9s d\u2019oignons. Gr\u00e2ce \u00e0 nos vari\u00e9t\u00e9s soigneusement s\u00e9lectionn\u00e9es, comme la robuste Delta Gigant, nous aidons les producteurs \u00e0 obtenir des rendements \u00e9lev\u00e9s, une qualit\u00e9 optimale et une croissance id\u00e9ale.<\/p>\n<p data-start=\"478\" data-end=\"688\">D\u00e9couvrez les caract\u00e9ristiques de Delta Gigant, apprenez-en plus sur nos processus de s\u00e9lection uniques et constatez la diff\u00e9rence qu\u2019une semence de qualit\u00e9 peut faire. Ensemble, cultivons une r\u00e9colte r\u00e9ussie !<\/p>\n<div class=\"woocommerce \"><ul class=\"products columns-2\">\n<li class=\"product type-product post-1014 status-publish first instock product_cat-semences-doignons has-post-thumbnail taxable shipping-taxable purchasable product-type-simple\">\n\t<a href=\"https:\/\/deltaseedsholland.nl\/fr\/produit\/delta-gigant\/\" class=\"woocommerce-LoopProduct-link woocommerce-loop-product__link\"><img loading=\"lazy\" decoding=\"async\" width=\"300\" height=\"300\" src=\"https:\/\/deltaseedsholland.nl\/wp-content\/uploads\/2025\/06\/DeltaGigant-300x300.jpg\" class=\"attachment-woocommerce_thumbnail size-woocommerce_thumbnail\" alt=\"Delta Gigant\" srcset=\"https:\/\/deltaseedsholland.nl\/wp-content\/uploads\/2025\/06\/DeltaGigant-300x300.jpg 300w, https:\/\/deltaseedsholland.nl\/wp-content\/uploads\/2025\/06\/DeltaGigant-100x100.jpg 100w, https:\/\/deltaseedsholland.nl\/wp-content\/uploads\/2025\/06\/DeltaGigant-150x150.jpg 150w, https:\/\/deltaseedsholland.nl\/wp-content\/uploads\/2025\/06\/DeltaGigant-80x80.jpg 80w\" sizes=\"auto, (max-width: 300px) 100vw, 300px\" \/><h2 class=\"woocommerce-loop-product__title\">Delta Gigant<\/h2>\n\t<span class=\"price\"><span class=\"woocommerce-Price-amount amount\"><bdi><span class=\"woocommerce-Price-currencySymbol\">&euro;<\/span>&nbsp;169,00<\/bdi><\/span> (hors TVA)<\/span>\n<\/a><a href=\"?add-to-cart=1014\" aria-describedby=\"woocommerce_loop_add_to_cart_link_describedby_1014\" data-quantity=\"1\" class=\"button product_type_simple add_to_cart_button ajax_add_to_cart\" data-product_id=\"1014\" data-product_sku=\"\" aria-label=\"Ajouter au panier\u00a0: &ldquo;Delta Gigant&rdquo;\" rel=\"nofollow\" data-success_message=\"\u00ab\u00a0Delta Gigant\u00a0\u00bb a \u00e9t\u00e9 ajout\u00e9 \u00e0 votre panier\">Ajouter au panier<\/a>\t<span id=\"woocommerce_loop_add_to_cart_link_describedby_1014\" class=\"screen-reader-text\">\n\t\t\t<\/span>\n<\/li>\n<\/ul>\n<\/div>\n","protected":false},"excerpt":{"rendered":"<p>Bienvenue chez Delta Seeds Holland \u2013 Le sp\u00e9cialiste des semences d\u2019oignon de haute qualit\u00e9 Chez Delta Seeds Holland, nous allions des d\u00e9cennies d\u2019exp\u00e9rience \u00e0 une passion pour vous offrir les meilleures vari\u00e9t\u00e9s d\u2019oignons. Gr\u00e2ce \u00e0 nos vari\u00e9t\u00e9s soigneusement s\u00e9lectionn\u00e9es, comme la robuste Delta Gigant, nous aidons les producteurs \u00e0 obtenir des rendements \u00e9lev\u00e9s, une qualit\u00e9 [&hellip;]<\/p>\n","protected":false},"author":1,"featured_media":0,"parent":0,"menu_order":0,"comment_status":"closed","ping_status":"closed","template":"","meta":{"footnotes":""},"class_list":["post-706","page","type-page","status-publish","hentry"],"yoast_head":"<!-- This site is optimized with the Yoast SEO plugin v25.2 - https:\/\/yoast.com\/wordpress\/plugins\/seo\/ -->\n<title>Graines d&#039;oignon n\u00e9erlandaises pour agriculteurs et mara\u00eechers - Delta Seeds Holland<\/title>\n<meta name=\"robots\" content=\"index, follow, max-snippet:-1, max-image-preview:large, max-video-preview:-1\" \/>\n<link rel=\"canonical\" href=\"https:\/\/deltaseedsholland.nl\/fr\/\" \/>\n<meta property=\"og:locale\" content=\"fr_FR\" \/>\n<meta property=\"og:type\" content=\"article\" \/>\n<meta property=\"og:title\" content=\"Graines d&#039;oignon n\u00e9erlandaises pour agriculteurs et mara\u00eechers - Delta Seeds Holland\" \/>\n<meta property=\"og:description\" content=\"Bienvenue chez Delta Seeds Holland \u2013 Le sp\u00e9cialiste des semences d\u2019oignon de haute qualit\u00e9 Chez Delta Seeds Holland, nous allions des d\u00e9cennies d\u2019exp\u00e9rience \u00e0 une passion pour vous offrir les meilleures vari\u00e9t\u00e9s d\u2019oignons. Gr\u00e2ce \u00e0 nos vari\u00e9t\u00e9s soigneusement s\u00e9lectionn\u00e9es, comme la robuste Delta Gigant, nous aidons les producteurs \u00e0 obtenir des rendements \u00e9lev\u00e9s, une qualit\u00e9 [&hellip;]\" \/>\n<meta property=\"og:url\" content=\"https:\/\/deltaseedsholland.nl\/fr\/\" \/>\n<meta property=\"og:site_name\" content=\"Delta Seeds Holland\" \/>\n<meta property=\"article:modified_time\" content=\"2025-06-25T07:59:21+00:00\" \/>\n<meta name=\"twitter:card\" content=\"summary_large_image\" \/>\n<meta name=\"twitter:label1\" content=\"Dur\u00e9e de lecture estim\u00e9e\" \/>\n\t<meta name=\"twitter:data1\" content=\"1 minute\" \/>\n<script type=\"application\/ld+json\" class=\"yoast-schema-graph\">{\"@context\":\"https:\/\/schema.org\",\"@graph\":[{\"@type\":\"WebPage\",\"@id\":\"https:\/\/deltaseedsholland.nl\/fr\/\",\"url\":\"https:\/\/deltaseedsholland.nl\/fr\/\",\"name\":\"Graines d'oignon n\u00e9erlandaises pour agriculteurs et mara\u00eechers - Delta Seeds Holland\",\"isPartOf\":{\"@id\":\"https:\/\/deltaseedsholland.nl\/#website\"},\"datePublished\":\"2025-06-03T18:16:14+00:00\",\"dateModified\":\"2025-06-25T07:59:21+00:00\",\"breadcrumb\":{\"@id\":\"https:\/\/deltaseedsholland.nl\/fr\/#breadcrumb\"},\"inLanguage\":\"fr-FR\",\"potentialAction\":[{\"@type\":\"ReadAction\",\"target\":[\"https:\/\/deltaseedsholland.nl\/fr\/\"]}]},{\"@type\":\"BreadcrumbList\",\"@id\":\"https:\/\/deltaseedsholland.nl\/fr\/#breadcrumb\",\"itemListElement\":[{\"@type\":\"ListItem\",\"position\":1,\"name\":\"Home\",\"item\":\"https:\/\/deltaseedsholland.nl\/fr\/\"},{\"@type\":\"ListItem\",\"position\":2,\"name\":\"Graines d&rsquo;oignon n\u00e9erlandaises pour agriculteurs et mara\u00eechers\"}]},{\"@type\":\"WebSite\",\"@id\":\"https:\/\/deltaseedsholland.nl\/#website\",\"url\":\"https:\/\/deltaseedsholland.nl\/\",\"name\":\"Delta Seeds Holland\",\"description\":\"\",\"potentialAction\":[{\"@type\":\"SearchAction\",\"target\":{\"@type\":\"EntryPoint\",\"urlTemplate\":\"https:\/\/deltaseedsholland.nl\/?s={search_term_string}\"},\"query-input\":{\"@type\":\"PropertyValueSpecification\",\"valueRequired\":true,\"valueName\":\"search_term_string\"}}],\"inLanguage\":\"fr-FR\"}]}<\/script>\n<!-- \/ Yoast SEO plugin. -->","yoast_head_json":{"title":"Graines d'oignon n\u00e9erlandaises pour agriculteurs et mara\u00eechers - Delta Seeds Holland","robots":{"index":"index","follow":"follow","max-snippet":"max-snippet:-1","max-image-preview":"max-image-preview:large","max-video-preview":"max-video-preview:-1"},"canonical":"https:\/\/deltaseedsholland.nl\/fr\/","og_locale":"fr_FR","og_type":"article","og_title":"Graines d'oignon n\u00e9erlandaises pour agriculteurs et mara\u00eechers - Delta Seeds Holland","og_description":"Bienvenue chez Delta Seeds Holland \u2013 Le sp\u00e9cialiste des semences d\u2019oignon de haute qualit\u00e9 Chez Delta Seeds Holland, nous allions des d\u00e9cennies d\u2019exp\u00e9rience \u00e0 une passion pour vous offrir les meilleures vari\u00e9t\u00e9s d\u2019oignons. Gr\u00e2ce \u00e0 nos vari\u00e9t\u00e9s soigneusement s\u00e9lectionn\u00e9es, comme la robuste Delta Gigant, nous aidons les producteurs \u00e0 obtenir des rendements \u00e9lev\u00e9s, une qualit\u00e9 [&hellip;]","og_url":"https:\/\/deltaseedsholland.nl\/fr\/","og_site_name":"Delta Seeds Holland","article_modified_time":"2025-06-25T07:59:21+00:00","twitter_card":"summary_large_image","twitter_misc":{"Dur\u00e9e de lecture estim\u00e9e":"1 minute"},"schema":{"@context":"https:\/\/schema.org","@graph":[{"@type":"WebPage","@id":"https:\/\/deltaseedsholland.nl\/fr\/","url":"https:\/\/deltaseedsholland.nl\/fr\/","name":"Graines d'oignon n\u00e9erlandaises pour agriculteurs et mara\u00eechers - Delta Seeds Holland","isPartOf":{"@id":"https:\/\/deltaseedsholland.nl\/#website"},"datePublished":"2025-06-03T18:16:14+00:00","dateModified":"2025-06-25T07:59:21+00:00","breadcrumb":{"@id":"https:\/\/deltaseedsholland.nl\/fr\/#breadcrumb"},"inLanguage":"fr-FR","potentialAction":[{"@type":"ReadAction","target":["https:\/\/deltaseedsholland.nl\/fr\/"]}]},{"@type":"BreadcrumbList","@id":"https:\/\/deltaseedsholland.nl\/fr\/#breadcrumb","itemListElement":[{"@type":"ListItem","position":1,"name":"Home","item":"https:\/\/deltaseedsholland.nl\/fr\/"},{"@type":"ListItem","position":2,"name":"Graines d&rsquo;oignon n\u00e9erlandaises pour agriculteurs et mara\u00eechers"}]},{"@type":"WebSite","@id":"https:\/\/deltaseedsholland.nl\/#website","url":"https:\/\/deltaseedsholland.nl\/","name":"Delta Seeds Holland","description":"","potentialAction":[{"@type":"SearchAction","target":{"@type":"EntryPoint","urlTemplate":"https:\/\/deltaseedsholland.nl\/?s={search_term_string}"},"query-input":{"@type":"PropertyValueSpecification","valueRequired":true,"valueName":"search_term_string"}}],"inLanguage":"fr-FR"}]}},"_links":{"self":[{"href":"https:\/\/deltaseedsholland.nl\/fr\/wp-json\/wp\/v2\/pages\/706","targetHints":{"allow":["GET"]}}],"collection":[{"href":"https:\/\/deltaseedsholland.nl\/fr\/wp-json\/wp\/v2\/pages"}],"about":[{"href":"https:\/\/deltaseedsholland.nl\/fr\/wp-json\/wp\/v2\/types\/page"}],"author":[{"embeddable":true,"href":"https:\/\/deltaseedsholland.nl\/fr\/wp-json\/wp\/v2\/users\/1"}],"replies":[{"embeddable":true,"href":"https:\/\/deltaseedsholland.nl\/fr\/wp-json\/wp\/v2\/comments?post=706"}],"version-history":[{"count":6,"href":"https:\/\/deltaseedsholland.nl\/fr\/wp-json\/wp\/v2\/pages\/706\/revisions"}],"predecessor-version":[{"id":998,"href":"https:\/\/deltaseedsholland.nl\/fr\/wp-json\/wp\/v2\/pages\/706\/revisions\/998"}],"wp:attachment":[{"href":"https:\/\/deltaseedsholland.nl\/fr\/wp-json\/wp\/v2\/media?parent=706"}],"curies":[{"name":"wp","href":"https:\/\/api.w.org\/{rel}","templated":true}]}}