{"id":711,"date":"2025-06-03T19:50:07","date_gmt":"2025-06-03T18:50:07","guid":{"rendered":"https:\/\/www.deltaseedsholland.nl\/caracteristiques-varietales\/"},"modified":"2025-06-03T19:50:07","modified_gmt":"2025-06-03T18:50:07","slug":"caracteristiques-varietales","status":"publish","type":"page","link":"https:\/\/deltaseedsholland.nl\/fr\/caracteristiques-varietales\/","title":{"rendered":"Caract\u00e9ristiques vari\u00e9tales"},"content":{"rendered":"<h2 data-start=\"62\" data-end=\"155\">&#x1f31f; Delta Gigant \u2013 une vari\u00e9t\u00e9 d\u2019oignon exceptionnelle pour les agriculteurs professionnels<\/h2>\n<p data-start=\"157\" data-end=\"416\">Delta Gigant est une vari\u00e9t\u00e9 d\u2019oignon n\u00e9erlandaise d\u00e9velopp\u00e9e en mettant l\u2019accent sur des rendements \u00e9lev\u00e9s, la fiabilit\u00e9 et la qualit\u00e9. Gr\u00e2ce \u00e0 des ann\u00e9es de s\u00e9lection et de culture par Delta Seeds Holland, cette vari\u00e9t\u00e9 se distingue dans plusieurs domaines.<\/p>\n<h3 data-start=\"418\" data-end=\"472\">&#x2705; Principales caract\u00e9ristiques de Delta Gigant :<\/h3>\n<ul data-start=\"473\" data-end=\"1156\">\n<li data-start=\"473\" data-end=\"593\">\n<p data-start=\"475\" data-end=\"593\"><strong data-start=\"475\" data-end=\"496\">Rendements \u00e9lev\u00e9s<\/strong> \u2013 offre des r\u00e9coltes stables et abondantes, m\u00eame dans des conditions climatiques d\u00e9favorables.<\/p>\n<\/li>\n<li data-start=\"594\" data-end=\"708\">\n<p data-start=\"596\" data-end=\"708\"><strong data-start=\"596\" data-end=\"625\">Oignons gros et homog\u00e8nes<\/strong> \u2013 avec une forme r\u00e9guli\u00e8re et une peau ferme, id\u00e9aux pour le tri et l\u2019emballage.<\/p>\n<\/li>\n<li data-start=\"709\" data-end=\"856\">\n<p data-start=\"711\" data-end=\"856\"><strong data-start=\"711\" data-end=\"738\">Excellente conservation<\/strong> \u2013 Delta Gigant maintient sa qualit\u00e9 longtemps apr\u00e8s la r\u00e9colte, ce qui minimise les pertes et augmente les profits.<\/p>\n<\/li>\n<li data-start=\"857\" data-end=\"992\">\n<p data-start=\"859\" data-end=\"992\"><strong data-start=\"859\" data-end=\"888\">Syst\u00e8me racinaire robuste<\/strong> \u2013 assure une absorption efficace des nutriments et une bonne r\u00e9sistance \u00e0 la s\u00e9cheresse et au stress.<\/p>\n<\/li>\n<li data-start=\"993\" data-end=\"1156\">\n<p data-start=\"995\" data-end=\"1156\"><strong data-start=\"995\" data-end=\"1041\">Performance prouv\u00e9e dans le cadre d\u2019Uireka<\/strong> \u2013 Delta Gigant figure depuis plusieurs ann\u00e9es avec d\u2019excellents r\u00e9sultats sur la liste vari\u00e9tale du projet Uireka.<\/p>\n<\/li>\n<\/ul>\n","protected":false},"excerpt":{"rendered":"<p>&#x1f31f; Delta Gigant \u2013 une vari\u00e9t\u00e9 d\u2019oignon exceptionnelle pour les agriculteurs professionnels Delta Gigant est une vari\u00e9t\u00e9 d\u2019oignon n\u00e9erlandaise d\u00e9velopp\u00e9e en mettant l\u2019accent sur des rendements \u00e9lev\u00e9s, la fiabilit\u00e9 et la qualit\u00e9. Gr\u00e2ce \u00e0 des ann\u00e9es de s\u00e9lection et de culture par Delta Seeds Holland, cette vari\u00e9t\u00e9 se distingue dans plusieurs domaines. &#x2705; Principales caract\u00e9ristiques [&hellip;]<\/p>\n","protected":false},"author":1,"featured_media":0,"parent":0,"menu_order":0,"comment_status":"closed","ping_status":"closed","template":"","meta":{"footnotes":""},"class_list":["post-711","page","type-page","status-publish","hentry"],"yoast_head":"<!-- This site is optimized with the Yoast SEO plugin v25.2 - https:\/\/yoast.com\/wordpress\/plugins\/seo\/ -->\n<title>Caract\u00e9ristiques vari\u00e9tales - Delta Seeds Holland<\/title>\n<meta name=\"robots\" content=\"index, follow, max-snippet:-1, max-image-preview:large, max-video-preview:-1\" \/>\n<link rel=\"canonical\" href=\"https:\/\/deltaseedsholland.nl\/fr\/caracteristiques-varietales\/\" \/>\n<meta property=\"og:locale\" content=\"fr_FR\" \/>\n<meta property=\"og:type\" content=\"article\" \/>\n<meta property=\"og:title\" content=\"Caract\u00e9ristiques vari\u00e9tales - Delta Seeds Holland\" \/>\n<meta property=\"og:description\" content=\"&#x1f31f; Delta Gigant \u2013 une vari\u00e9t\u00e9 d\u2019oignon exceptionnelle pour les agriculteurs professionnels Delta Gigant est une vari\u00e9t\u00e9 d\u2019oignon n\u00e9erlandaise d\u00e9velopp\u00e9e en mettant l\u2019accent sur des rendements \u00e9lev\u00e9s, la fiabilit\u00e9 et la qualit\u00e9. Gr\u00e2ce \u00e0 des ann\u00e9es de s\u00e9lection et de culture par Delta Seeds Holland, cette vari\u00e9t\u00e9 se distingue dans plusieurs domaines. &#x2705; Principales caract\u00e9ristiques [&hellip;]\" \/>\n<meta property=\"og:url\" content=\"https:\/\/deltaseedsholland.nl\/fr\/caracteristiques-varietales\/\" \/>\n<meta property=\"og:site_name\" content=\"Delta Seeds Holland\" \/>\n<meta name=\"twitter:card\" content=\"summary_large_image\" \/>\n<meta name=\"twitter:label1\" content=\"Dur\u00e9e de lecture estim\u00e9e\" \/>\n\t<meta name=\"twitter:data1\" content=\"1 minute\" \/>\n<script type=\"application\/ld+json\" class=\"yoast-schema-graph\">{\"@context\":\"https:\/\/schema.org\",\"@graph\":[{\"@type\":\"WebPage\",\"@id\":\"https:\/\/deltaseedsholland.nl\/fr\/caracteristiques-varietales\/\",\"url\":\"https:\/\/deltaseedsholland.nl\/fr\/caracteristiques-varietales\/\",\"name\":\"Caract\u00e9ristiques vari\u00e9tales - Delta Seeds Holland\",\"isPartOf\":{\"@id\":\"https:\/\/deltaseedsholland.nl\/#website\"},\"datePublished\":\"2025-06-03T18:50:07+00:00\",\"breadcrumb\":{\"@id\":\"https:\/\/deltaseedsholland.nl\/fr\/caracteristiques-varietales\/#breadcrumb\"},\"inLanguage\":\"fr-FR\",\"potentialAction\":[{\"@type\":\"ReadAction\",\"target\":[\"https:\/\/deltaseedsholland.nl\/fr\/caracteristiques-varietales\/\"]}]},{\"@type\":\"BreadcrumbList\",\"@id\":\"https:\/\/deltaseedsholland.nl\/fr\/caracteristiques-varietales\/#breadcrumb\",\"itemListElement\":[{\"@type\":\"ListItem\",\"position\":1,\"name\":\"Home\",\"item\":\"https:\/\/deltaseedsholland.nl\/fr\/\"},{\"@type\":\"ListItem\",\"position\":2,\"name\":\"Caract\u00e9ristiques vari\u00e9tales\"}]},{\"@type\":\"WebSite\",\"@id\":\"https:\/\/deltaseedsholland.nl\/#website\",\"url\":\"https:\/\/deltaseedsholland.nl\/\",\"name\":\"Delta Seeds Holland\",\"description\":\"\",\"potentialAction\":[{\"@type\":\"SearchAction\",\"target\":{\"@type\":\"EntryPoint\",\"urlTemplate\":\"https:\/\/deltaseedsholland.nl\/?s={search_term_string}\"},\"query-input\":{\"@type\":\"PropertyValueSpecification\",\"valueRequired\":true,\"valueName\":\"search_term_string\"}}],\"inLanguage\":\"fr-FR\"}]}<\/script>\n<!-- \/ Yoast SEO plugin. -->","yoast_head_json":{"title":"Caract\u00e9ristiques vari\u00e9tales - Delta Seeds Holland","robots":{"index":"index","follow":"follow","max-snippet":"max-snippet:-1","max-image-preview":"max-image-preview:large","max-video-preview":"max-video-preview:-1"},"canonical":"https:\/\/deltaseedsholland.nl\/fr\/caracteristiques-varietales\/","og_locale":"fr_FR","og_type":"article","og_title":"Caract\u00e9ristiques vari\u00e9tales - Delta Seeds Holland","og_description":"&#x1f31f; Delta Gigant \u2013 une vari\u00e9t\u00e9 d\u2019oignon exceptionnelle pour les agriculteurs professionnels Delta Gigant est une vari\u00e9t\u00e9 d\u2019oignon n\u00e9erlandaise d\u00e9velopp\u00e9e en mettant l\u2019accent sur des rendements \u00e9lev\u00e9s, la fiabilit\u00e9 et la qualit\u00e9. Gr\u00e2ce \u00e0 des ann\u00e9es de s\u00e9lection et de culture par Delta Seeds Holland, cette vari\u00e9t\u00e9 se distingue dans plusieurs domaines. &#x2705; Principales caract\u00e9ristiques [&hellip;]","og_url":"https:\/\/deltaseedsholland.nl\/fr\/caracteristiques-varietales\/","og_site_name":"Delta Seeds Holland","twitter_card":"summary_large_image","twitter_misc":{"Dur\u00e9e de lecture estim\u00e9e":"1 minute"},"schema":{"@context":"https:\/\/schema.org","@graph":[{"@type":"WebPage","@id":"https:\/\/deltaseedsholland.nl\/fr\/caracteristiques-varietales\/","url":"https:\/\/deltaseedsholland.nl\/fr\/caracteristiques-varietales\/","name":"Caract\u00e9ristiques vari\u00e9tales - Delta Seeds Holland","isPartOf":{"@id":"https:\/\/deltaseedsholland.nl\/#website"},"datePublished":"2025-06-03T18:50:07+00:00","breadcrumb":{"@id":"https:\/\/deltaseedsholland.nl\/fr\/caracteristiques-varietales\/#breadcrumb"},"inLanguage":"fr-FR","potentialAction":[{"@type":"ReadAction","target":["https:\/\/deltaseedsholland.nl\/fr\/caracteristiques-varietales\/"]}]},{"@type":"BreadcrumbList","@id":"https:\/\/deltaseedsholland.nl\/fr\/caracteristiques-varietales\/#breadcrumb","itemListElement":[{"@type":"ListItem","position":1,"name":"Home","item":"https:\/\/deltaseedsholland.nl\/fr\/"},{"@type":"ListItem","position":2,"name":"Caract\u00e9ristiques vari\u00e9tales"}]},{"@type":"WebSite","@id":"https:\/\/deltaseedsholland.nl\/#website","url":"https:\/\/deltaseedsholland.nl\/","name":"Delta Seeds Holland","description":"","potentialAction":[{"@type":"SearchAction","target":{"@type":"EntryPoint","urlTemplate":"https:\/\/deltaseedsholland.nl\/?s={search_term_string}"},"query-input":{"@type":"PropertyValueSpecification","valueRequired":true,"valueName":"search_term_string"}}],"inLanguage":"fr-FR"}]}},"_links":{"self":[{"href":"https:\/\/deltaseedsholland.nl\/fr\/wp-json\/wp\/v2\/pages\/711","targetHints":{"allow":["GET"]}}],"collection":[{"href":"https:\/\/deltaseedsholland.nl\/fr\/wp-json\/wp\/v2\/pages"}],"about":[{"href":"https:\/\/deltaseedsholland.nl\/fr\/wp-json\/wp\/v2\/types\/page"}],"author":[{"embeddable":true,"href":"https:\/\/deltaseedsholland.nl\/fr\/wp-json\/wp\/v2\/users\/1"}],"replies":[{"embeddable":true,"href":"https:\/\/deltaseedsholland.nl\/fr\/wp-json\/wp\/v2\/comments?post=711"}],"version-history":[{"count":0,"href":"https:\/\/deltaseedsholland.nl\/fr\/wp-json\/wp\/v2\/pages\/711\/revisions"}],"wp:attachment":[{"href":"https:\/\/deltaseedsholland.nl\/fr\/wp-json\/wp\/v2\/media?parent=711"}],"curies":[{"name":"wp","href":"https:\/\/api.w.org\/{rel}","templated":true}]}}