{"id":718,"date":"2025-06-03T20:06:43","date_gmt":"2025-06-03T19:06:43","guid":{"rendered":"https:\/\/www.deltaseedsholland.nl\/prix\/"},"modified":"2025-06-03T20:06:43","modified_gmt":"2025-06-03T19:06:43","slug":"prix","status":"publish","type":"page","link":"https:\/\/deltaseedsholland.nl\/fr\/prix\/","title":{"rendered":"Prix"},"content":{"rendered":"<h3 data-start=\"93\" data-end=\"181\">Informations sur les prix et les conditionnements des semences d\u2019oignon Delta Gigant<\/h3>\n<p data-start=\"183\" data-end=\"403\">Les semences d\u2019oignon <strong data-start=\"205\" data-end=\"221\">Delta Gigant<\/strong> sont vendues par unit\u00e9 de <strong data-start=\"248\" data-end=\"267\">250 000 graines<\/strong>.<br data-start=\"268\" data-end=\"271\" \/>En France, pour la culture des oignons destin\u00e9s \u00e0 l\u2019industrie de l\u2019\u00e9pluchage, on s\u00e8me g\u00e9n\u00e9ralement environ <strong data-start=\"378\" data-end=\"402\">4 unit\u00e9s par hectare<\/strong>.<\/p>\n<p data-start=\"405\" data-end=\"553\">Pour les oignons destin\u00e9s \u00e0 la commercialisation en conditionn\u00e9, une dose plus \u00e9lev\u00e9e est utilis\u00e9e \u2013 jusqu\u2019\u00e0 <strong data-start=\"514\" data-end=\"552\">4,5 unit\u00e9s de semences par hectare<\/strong>.<\/p>\n<p data-start=\"555\" data-end=\"682\">Les semences peuvent \u00eatre fournies, moyennant un suppl\u00e9ment, en version <strong data-start=\"627\" data-end=\"640\">pr\u00e9germ\u00e9e<\/strong>, ce qui acc\u00e9l\u00e8re et homog\u00e9n\u00e9ise la lev\u00e9e.<\/p>\n<p data-start=\"684\" data-end=\"839\">Nous proposons \u00e0 la fois des semences non trait\u00e9es et des semences trait\u00e9es avec le coating fongicide <strong data-start=\"786\" data-end=\"795\">Maxim<\/strong>, qui prot\u00e8ge contre les maladies fongiques.<\/p>\n<p data-start=\"841\" data-end=\"927\">Pour toute question concernant les prix, veuillez contacter Adrian : 00316-11212823<\/p>\n","protected":false},"excerpt":{"rendered":"<p>Informations sur les prix et les conditionnements des semences d\u2019oignon Delta Gigant Les semences d\u2019oignon Delta Gigant sont vendues par unit\u00e9 de 250 000 graines.En France, pour la culture des oignons destin\u00e9s \u00e0 l\u2019industrie de l\u2019\u00e9pluchage, on s\u00e8me g\u00e9n\u00e9ralement environ 4 unit\u00e9s par hectare. Pour les oignons destin\u00e9s \u00e0 la commercialisation en conditionn\u00e9, une dose [&hellip;]<\/p>\n","protected":false},"author":1,"featured_media":0,"parent":0,"menu_order":0,"comment_status":"closed","ping_status":"closed","template":"","meta":{"footnotes":""},"class_list":["post-718","page","type-page","status-publish","hentry"],"yoast_head":"<!-- This site is optimized with the Yoast SEO plugin v25.2 - https:\/\/yoast.com\/wordpress\/plugins\/seo\/ -->\n<title>Prix - Delta Seeds Holland<\/title>\n<meta name=\"robots\" content=\"index, follow, max-snippet:-1, max-image-preview:large, max-video-preview:-1\" \/>\n<link rel=\"canonical\" href=\"https:\/\/deltaseedsholland.nl\/fr\/prix\/\" \/>\n<meta property=\"og:locale\" content=\"fr_FR\" \/>\n<meta property=\"og:type\" content=\"article\" \/>\n<meta property=\"og:title\" content=\"Prix - Delta Seeds Holland\" \/>\n<meta property=\"og:description\" content=\"Informations sur les prix et les conditionnements des semences d\u2019oignon Delta Gigant Les semences d\u2019oignon Delta Gigant sont vendues par unit\u00e9 de 250 000 graines.En France, pour la culture des oignons destin\u00e9s \u00e0 l\u2019industrie de l\u2019\u00e9pluchage, on s\u00e8me g\u00e9n\u00e9ralement environ 4 unit\u00e9s par hectare. Pour les oignons destin\u00e9s \u00e0 la commercialisation en conditionn\u00e9, une dose [&hellip;]\" \/>\n<meta property=\"og:url\" content=\"https:\/\/deltaseedsholland.nl\/fr\/prix\/\" \/>\n<meta property=\"og:site_name\" content=\"Delta Seeds Holland\" \/>\n<meta name=\"twitter:card\" content=\"summary_large_image\" \/>\n<meta name=\"twitter:label1\" content=\"Dur\u00e9e de lecture estim\u00e9e\" \/>\n\t<meta name=\"twitter:data1\" content=\"1 minute\" \/>\n<script type=\"application\/ld+json\" class=\"yoast-schema-graph\">{\"@context\":\"https:\/\/schema.org\",\"@graph\":[{\"@type\":\"WebPage\",\"@id\":\"https:\/\/deltaseedsholland.nl\/fr\/prix\/\",\"url\":\"https:\/\/deltaseedsholland.nl\/fr\/prix\/\",\"name\":\"Prix - Delta Seeds Holland\",\"isPartOf\":{\"@id\":\"https:\/\/deltaseedsholland.nl\/#website\"},\"datePublished\":\"2025-06-03T19:06:43+00:00\",\"breadcrumb\":{\"@id\":\"https:\/\/deltaseedsholland.nl\/fr\/prix\/#breadcrumb\"},\"inLanguage\":\"fr-FR\",\"potentialAction\":[{\"@type\":\"ReadAction\",\"target\":[\"https:\/\/deltaseedsholland.nl\/fr\/prix\/\"]}]},{\"@type\":\"BreadcrumbList\",\"@id\":\"https:\/\/deltaseedsholland.nl\/fr\/prix\/#breadcrumb\",\"itemListElement\":[{\"@type\":\"ListItem\",\"position\":1,\"name\":\"Home\",\"item\":\"https:\/\/deltaseedsholland.nl\/fr\/\"},{\"@type\":\"ListItem\",\"position\":2,\"name\":\"Prix\"}]},{\"@type\":\"WebSite\",\"@id\":\"https:\/\/deltaseedsholland.nl\/#website\",\"url\":\"https:\/\/deltaseedsholland.nl\/\",\"name\":\"Delta Seeds Holland\",\"description\":\"\",\"potentialAction\":[{\"@type\":\"SearchAction\",\"target\":{\"@type\":\"EntryPoint\",\"urlTemplate\":\"https:\/\/deltaseedsholland.nl\/?s={search_term_string}\"},\"query-input\":{\"@type\":\"PropertyValueSpecification\",\"valueRequired\":true,\"valueName\":\"search_term_string\"}}],\"inLanguage\":\"fr-FR\"}]}<\/script>\n<!-- \/ Yoast SEO plugin. -->","yoast_head_json":{"title":"Prix - Delta Seeds Holland","robots":{"index":"index","follow":"follow","max-snippet":"max-snippet:-1","max-image-preview":"max-image-preview:large","max-video-preview":"max-video-preview:-1"},"canonical":"https:\/\/deltaseedsholland.nl\/fr\/prix\/","og_locale":"fr_FR","og_type":"article","og_title":"Prix - Delta Seeds Holland","og_description":"Informations sur les prix et les conditionnements des semences d\u2019oignon Delta Gigant Les semences d\u2019oignon Delta Gigant sont vendues par unit\u00e9 de 250 000 graines.En France, pour la culture des oignons destin\u00e9s \u00e0 l\u2019industrie de l\u2019\u00e9pluchage, on s\u00e8me g\u00e9n\u00e9ralement environ 4 unit\u00e9s par hectare. Pour les oignons destin\u00e9s \u00e0 la commercialisation en conditionn\u00e9, une dose [&hellip;]","og_url":"https:\/\/deltaseedsholland.nl\/fr\/prix\/","og_site_name":"Delta Seeds Holland","twitter_card":"summary_large_image","twitter_misc":{"Dur\u00e9e de lecture estim\u00e9e":"1 minute"},"schema":{"@context":"https:\/\/schema.org","@graph":[{"@type":"WebPage","@id":"https:\/\/deltaseedsholland.nl\/fr\/prix\/","url":"https:\/\/deltaseedsholland.nl\/fr\/prix\/","name":"Prix - Delta Seeds Holland","isPartOf":{"@id":"https:\/\/deltaseedsholland.nl\/#website"},"datePublished":"2025-06-03T19:06:43+00:00","breadcrumb":{"@id":"https:\/\/deltaseedsholland.nl\/fr\/prix\/#breadcrumb"},"inLanguage":"fr-FR","potentialAction":[{"@type":"ReadAction","target":["https:\/\/deltaseedsholland.nl\/fr\/prix\/"]}]},{"@type":"BreadcrumbList","@id":"https:\/\/deltaseedsholland.nl\/fr\/prix\/#breadcrumb","itemListElement":[{"@type":"ListItem","position":1,"name":"Home","item":"https:\/\/deltaseedsholland.nl\/fr\/"},{"@type":"ListItem","position":2,"name":"Prix"}]},{"@type":"WebSite","@id":"https:\/\/deltaseedsholland.nl\/#website","url":"https:\/\/deltaseedsholland.nl\/","name":"Delta Seeds Holland","description":"","potentialAction":[{"@type":"SearchAction","target":{"@type":"EntryPoint","urlTemplate":"https:\/\/deltaseedsholland.nl\/?s={search_term_string}"},"query-input":{"@type":"PropertyValueSpecification","valueRequired":true,"valueName":"search_term_string"}}],"inLanguage":"fr-FR"}]}},"_links":{"self":[{"href":"https:\/\/deltaseedsholland.nl\/fr\/wp-json\/wp\/v2\/pages\/718","targetHints":{"allow":["GET"]}}],"collection":[{"href":"https:\/\/deltaseedsholland.nl\/fr\/wp-json\/wp\/v2\/pages"}],"about":[{"href":"https:\/\/deltaseedsholland.nl\/fr\/wp-json\/wp\/v2\/types\/page"}],"author":[{"embeddable":true,"href":"https:\/\/deltaseedsholland.nl\/fr\/wp-json\/wp\/v2\/users\/1"}],"replies":[{"embeddable":true,"href":"https:\/\/deltaseedsholland.nl\/fr\/wp-json\/wp\/v2\/comments?post=718"}],"version-history":[{"count":0,"href":"https:\/\/deltaseedsholland.nl\/fr\/wp-json\/wp\/v2\/pages\/718\/revisions"}],"wp:attachment":[{"href":"https:\/\/deltaseedsholland.nl\/fr\/wp-json\/wp\/v2\/media?parent=718"}],"curies":[{"name":"wp","href":"https:\/\/api.w.org\/{rel}","templated":true}]}}