{"id":724,"date":"2025-06-03T20:11:20","date_gmt":"2025-06-03T19:11:20","guid":{"rendered":"https:\/\/www.deltaseedsholland.nl\/catalogue-des-varietes\/"},"modified":"2025-06-03T20:42:18","modified_gmt":"2025-06-03T19:42:18","slug":"catalogue-des-varietes","status":"publish","type":"page","link":"https:\/\/deltaseedsholland.nl\/fr\/catalogue-des-varietes\/","title":{"rendered":"Catalogue des vari\u00e9t\u00e9s"},"content":{"rendered":"<h1>Catalogue des vari\u00e9t\u00e9s<\/h1>\n<p data-start=\"68\" data-end=\"145\">T\u00e9l\u00e9chargez ci-dessous la liste des vari\u00e9t\u00e9s n\u00e9erlandaises d\u2019oignons jaunes :<\/p>\n<p data-start=\"147\" data-end=\"191\"><a href=\"http:\/\/www.deltaseedsholland.nl\/wp-content\/uploads\/2025\/06\/List-of-yellow-onion-varieties-2025-1.pdf\">List of yellow onion varieties 2025<\/a><\/p>\n<p data-start=\"193\" data-end=\"472\">Delta Gigant a \u00e9t\u00e9 test\u00e9 par l\u2019organisme ind\u00e9pendant Uireka et compar\u00e9 \u00e0 d\u2019autres vari\u00e9t\u00e9s d\u2019oignons bien connues. En r\u00e9sum\u00e9, vous pouvez constater ici que Delta Gigant pr\u00e9sente le rendement le plus \u00e9lev\u00e9 de toutes les vari\u00e9t\u00e9s \u2014 un impressionnant 11 % au-dessus de la moyenne.<\/p>\n<p data-start=\"474\" data-end=\"658\">Elle poss\u00e8de \u00e9galement la meilleure tol\u00e9rance au germination parmi toutes les vari\u00e9t\u00e9s, ce qui vous permet de conserver les oignons Delta Gigant plus longtemps que les autres vari\u00e9t\u00e9s.<\/p>\n","protected":false},"excerpt":{"rendered":"<p>Catalogue des vari\u00e9t\u00e9s T\u00e9l\u00e9chargez ci-dessous la liste des vari\u00e9t\u00e9s n\u00e9erlandaises d\u2019oignons jaunes : List of yellow onion varieties 2025 Delta Gigant a \u00e9t\u00e9 test\u00e9 par l\u2019organisme ind\u00e9pendant Uireka et compar\u00e9 \u00e0 d\u2019autres vari\u00e9t\u00e9s d\u2019oignons bien connues. En r\u00e9sum\u00e9, vous pouvez constater ici que Delta Gigant pr\u00e9sente le rendement le plus \u00e9lev\u00e9 de toutes les vari\u00e9t\u00e9s [&hellip;]<\/p>\n","protected":false},"author":1,"featured_media":0,"parent":0,"menu_order":0,"comment_status":"closed","ping_status":"closed","template":"","meta":{"footnotes":""},"class_list":["post-724","page","type-page","status-publish","hentry"],"yoast_head":"<!-- This site is optimized with the Yoast SEO plugin v25.2 - https:\/\/yoast.com\/wordpress\/plugins\/seo\/ -->\n<title>Catalogue des vari\u00e9t\u00e9s - Delta Seeds Holland<\/title>\n<meta name=\"robots\" content=\"index, follow, max-snippet:-1, max-image-preview:large, max-video-preview:-1\" \/>\n<link rel=\"canonical\" href=\"https:\/\/deltaseedsholland.nl\/fr\/catalogue-des-varietes\/\" \/>\n<meta property=\"og:locale\" content=\"fr_FR\" \/>\n<meta property=\"og:type\" content=\"article\" \/>\n<meta property=\"og:title\" content=\"Catalogue des vari\u00e9t\u00e9s - Delta Seeds Holland\" \/>\n<meta property=\"og:description\" content=\"Catalogue des vari\u00e9t\u00e9s T\u00e9l\u00e9chargez ci-dessous la liste des vari\u00e9t\u00e9s n\u00e9erlandaises d\u2019oignons jaunes : List of yellow onion varieties 2025 Delta Gigant a \u00e9t\u00e9 test\u00e9 par l\u2019organisme ind\u00e9pendant Uireka et compar\u00e9 \u00e0 d\u2019autres vari\u00e9t\u00e9s d\u2019oignons bien connues. En r\u00e9sum\u00e9, vous pouvez constater ici que Delta Gigant pr\u00e9sente le rendement le plus \u00e9lev\u00e9 de toutes les vari\u00e9t\u00e9s [&hellip;]\" \/>\n<meta property=\"og:url\" content=\"https:\/\/deltaseedsholland.nl\/fr\/catalogue-des-varietes\/\" \/>\n<meta property=\"og:site_name\" content=\"Delta Seeds Holland\" \/>\n<meta property=\"article:modified_time\" content=\"2025-06-03T19:42:18+00:00\" \/>\n<meta name=\"twitter:card\" content=\"summary_large_image\" \/>\n<meta name=\"twitter:label1\" content=\"Dur\u00e9e de lecture estim\u00e9e\" \/>\n\t<meta name=\"twitter:data1\" content=\"1 minute\" \/>\n<script type=\"application\/ld+json\" class=\"yoast-schema-graph\">{\"@context\":\"https:\/\/schema.org\",\"@graph\":[{\"@type\":\"WebPage\",\"@id\":\"https:\/\/deltaseedsholland.nl\/fr\/catalogue-des-varietes\/\",\"url\":\"https:\/\/deltaseedsholland.nl\/fr\/catalogue-des-varietes\/\",\"name\":\"Catalogue des vari\u00e9t\u00e9s - Delta Seeds Holland\",\"isPartOf\":{\"@id\":\"https:\/\/deltaseedsholland.nl\/#website\"},\"datePublished\":\"2025-06-03T19:11:20+00:00\",\"dateModified\":\"2025-06-03T19:42:18+00:00\",\"breadcrumb\":{\"@id\":\"https:\/\/deltaseedsholland.nl\/fr\/catalogue-des-varietes\/#breadcrumb\"},\"inLanguage\":\"fr-FR\",\"potentialAction\":[{\"@type\":\"ReadAction\",\"target\":[\"https:\/\/deltaseedsholland.nl\/fr\/catalogue-des-varietes\/\"]}]},{\"@type\":\"BreadcrumbList\",\"@id\":\"https:\/\/deltaseedsholland.nl\/fr\/catalogue-des-varietes\/#breadcrumb\",\"itemListElement\":[{\"@type\":\"ListItem\",\"position\":1,\"name\":\"Home\",\"item\":\"https:\/\/deltaseedsholland.nl\/fr\/\"},{\"@type\":\"ListItem\",\"position\":2,\"name\":\"Catalogue des vari\u00e9t\u00e9s\"}]},{\"@type\":\"WebSite\",\"@id\":\"https:\/\/deltaseedsholland.nl\/#website\",\"url\":\"https:\/\/deltaseedsholland.nl\/\",\"name\":\"Delta Seeds Holland\",\"description\":\"\",\"potentialAction\":[{\"@type\":\"SearchAction\",\"target\":{\"@type\":\"EntryPoint\",\"urlTemplate\":\"https:\/\/deltaseedsholland.nl\/?s={search_term_string}\"},\"query-input\":{\"@type\":\"PropertyValueSpecification\",\"valueRequired\":true,\"valueName\":\"search_term_string\"}}],\"inLanguage\":\"fr-FR\"}]}<\/script>\n<!-- \/ Yoast SEO plugin. -->","yoast_head_json":{"title":"Catalogue des vari\u00e9t\u00e9s - Delta Seeds Holland","robots":{"index":"index","follow":"follow","max-snippet":"max-snippet:-1","max-image-preview":"max-image-preview:large","max-video-preview":"max-video-preview:-1"},"canonical":"https:\/\/deltaseedsholland.nl\/fr\/catalogue-des-varietes\/","og_locale":"fr_FR","og_type":"article","og_title":"Catalogue des vari\u00e9t\u00e9s - Delta Seeds Holland","og_description":"Catalogue des vari\u00e9t\u00e9s T\u00e9l\u00e9chargez ci-dessous la liste des vari\u00e9t\u00e9s n\u00e9erlandaises d\u2019oignons jaunes : List of yellow onion varieties 2025 Delta Gigant a \u00e9t\u00e9 test\u00e9 par l\u2019organisme ind\u00e9pendant Uireka et compar\u00e9 \u00e0 d\u2019autres vari\u00e9t\u00e9s d\u2019oignons bien connues. En r\u00e9sum\u00e9, vous pouvez constater ici que Delta Gigant pr\u00e9sente le rendement le plus \u00e9lev\u00e9 de toutes les vari\u00e9t\u00e9s [&hellip;]","og_url":"https:\/\/deltaseedsholland.nl\/fr\/catalogue-des-varietes\/","og_site_name":"Delta Seeds Holland","article_modified_time":"2025-06-03T19:42:18+00:00","twitter_card":"summary_large_image","twitter_misc":{"Dur\u00e9e de lecture estim\u00e9e":"1 minute"},"schema":{"@context":"https:\/\/schema.org","@graph":[{"@type":"WebPage","@id":"https:\/\/deltaseedsholland.nl\/fr\/catalogue-des-varietes\/","url":"https:\/\/deltaseedsholland.nl\/fr\/catalogue-des-varietes\/","name":"Catalogue des vari\u00e9t\u00e9s - Delta Seeds Holland","isPartOf":{"@id":"https:\/\/deltaseedsholland.nl\/#website"},"datePublished":"2025-06-03T19:11:20+00:00","dateModified":"2025-06-03T19:42:18+00:00","breadcrumb":{"@id":"https:\/\/deltaseedsholland.nl\/fr\/catalogue-des-varietes\/#breadcrumb"},"inLanguage":"fr-FR","potentialAction":[{"@type":"ReadAction","target":["https:\/\/deltaseedsholland.nl\/fr\/catalogue-des-varietes\/"]}]},{"@type":"BreadcrumbList","@id":"https:\/\/deltaseedsholland.nl\/fr\/catalogue-des-varietes\/#breadcrumb","itemListElement":[{"@type":"ListItem","position":1,"name":"Home","item":"https:\/\/deltaseedsholland.nl\/fr\/"},{"@type":"ListItem","position":2,"name":"Catalogue des vari\u00e9t\u00e9s"}]},{"@type":"WebSite","@id":"https:\/\/deltaseedsholland.nl\/#website","url":"https:\/\/deltaseedsholland.nl\/","name":"Delta Seeds Holland","description":"","potentialAction":[{"@type":"SearchAction","target":{"@type":"EntryPoint","urlTemplate":"https:\/\/deltaseedsholland.nl\/?s={search_term_string}"},"query-input":{"@type":"PropertyValueSpecification","valueRequired":true,"valueName":"search_term_string"}}],"inLanguage":"fr-FR"}]}},"_links":{"self":[{"href":"https:\/\/deltaseedsholland.nl\/fr\/wp-json\/wp\/v2\/pages\/724","targetHints":{"allow":["GET"]}}],"collection":[{"href":"https:\/\/deltaseedsholland.nl\/fr\/wp-json\/wp\/v2\/pages"}],"about":[{"href":"https:\/\/deltaseedsholland.nl\/fr\/wp-json\/wp\/v2\/types\/page"}],"author":[{"embeddable":true,"href":"https:\/\/deltaseedsholland.nl\/fr\/wp-json\/wp\/v2\/users\/1"}],"replies":[{"embeddable":true,"href":"https:\/\/deltaseedsholland.nl\/fr\/wp-json\/wp\/v2\/comments?post=724"}],"version-history":[{"count":2,"href":"https:\/\/deltaseedsholland.nl\/fr\/wp-json\/wp\/v2\/pages\/724\/revisions"}],"predecessor-version":[{"id":738,"href":"https:\/\/deltaseedsholland.nl\/fr\/wp-json\/wp\/v2\/pages\/724\/revisions\/738"}],"wp:attachment":[{"href":"https:\/\/deltaseedsholland.nl\/fr\/wp-json\/wp\/v2\/media?parent=724"}],"curies":[{"name":"wp","href":"https:\/\/api.w.org\/{rel}","templated":true}]}}